{"id":10983,"date":"2020-02-12T13:11:38","date_gmt":"2020-02-12T12:11:38","guid":{"rendered":"https:\/\/soenderjydsk-kaal.webserver6.dk\/kontakt\/"},"modified":"2026-03-13T09:56:05","modified_gmt":"2026-03-13T08:56:05","slug":"kontakt","status":"publish","type":"page","link":"https:\/\/soenderjydsk-kaal.dk\/de\/kontakt\/","title":{"rendered":"Kontakt"},"content":{"rendered":"\t\t<div data-elementor-type=\"wp-page\" data-elementor-id=\"10983\" class=\"elementor elementor-10983 elementor-61\" data-elementor-post-type=\"page\">\n\t\t\t\t<div class=\"elementor-element elementor-element-2bc4b5ab white e-flex e-con-boxed e-con e-parent\" data-id=\"2bc4b5ab\" data-element_type=\"container\" data-settings=\"{&quot;background_background&quot;:&quot;classic&quot;}\">\n\t\t\t\t\t<div class=\"e-con-inner\">\n\t\t\t\t<div class=\"elementor-element elementor-element-2424f43d elementor-widget elementor-widget-heading\" data-id=\"2424f43d\" data-element_type=\"widget\" data-widget_type=\"heading.default\">\n\t\t\t\t<div class=\"elementor-widget-container\">\n\t\t\t\t\t<h1 class=\"elementor-heading-title elementor-size-default\">Sollen wir reden?<\/h1>\t\t\t\t<\/div>\n\t\t\t\t<\/div>\n\t\t\t\t\t<\/div>\n\t\t\t\t<\/div>\n\t\t<div class=\"elementor-element elementor-element-b780f39 e-flex e-con-boxed e-con e-parent\" data-id=\"b780f39\" data-element_type=\"container\">\n\t\t\t\t\t<div class=\"e-con-inner\">\n\t\t<div class=\"elementor-element elementor-element-1b9c96f e-con-full e-flex e-con e-child\" data-id=\"1b9c96f\" data-element_type=\"container\">\n\t\t\t\t<div class=\"elementor-element elementor-element-a54602a elementor-widget elementor-widget-text-editor\" data-id=\"a54602a\" data-element_type=\"widget\" data-widget_type=\"text-editor.default\">\n\t\t\t\t<div class=\"elementor-widget-container\">\n\t\t\t\t\t\t\t\t\t<h2>Bitte kontaktieren Sie uns\u2026<\/h2><p>Schl\u00e4gt Ihr Herz auch f\u00fcr Kohl? Oder haben Sie einfach eine Frage zu unseren Produkten, zu Kohl im Allgemeinen oder zu einem Kohlrezept, ohne das wir nicht leben k\u00f6nnen? Dann k\u00f6nnen Sie uns gerne anrufen oder schreiben \u2013 wir helfen Ihnen jederzeit gerne weiter.<\/p><p><strong>S\u00f8nderjydsk K\u00e5l ApS<\/strong><br><a href=\"https:\/\/www.google.com\/maps\/place\/Hirsevej 19 - DK-6100 Haderslev\" target=\"_blank\" aria-label=\"Adresse\">Hirsevej 19 &#8211; DK-6100 Haderslev<\/a><\/p><p>Tel.:<a href=\"tel:+45 7452 7092\" aria-label=\"Telefon nummer\">+45 7452 7092<\/a><br> Fax: +45 7453 1834<br> E-Mail:  <a href=\"mailto:post@soenderjydsk-kaal.dk\" aria-label=\"Email adresse\">post@soenderjydsk-kaal.dk<\/a><\/p><p>Sie k\u00f6nnen uns auch \u00fcber das Kontaktformular erreichen.<\/p><p>Falls Sie Fragen direkt an Steffan haben, klicken Sie hier:<\/p>\t\t\t\t\t\t\t\t<\/div>\n\t\t\t\t<\/div>\n\t\t\t\t<div class=\"elementor-element elementor-element-5186da3 elementor-widget elementor-widget-image\" data-id=\"5186da3\" data-element_type=\"widget\" data-widget_type=\"image.default\">\n\t\t\t\t<div class=\"elementor-widget-container\">\n\t\t\t\t\t\t\t\t\t\t\t\t\t\t\t<img fetchpriority=\"high\" decoding=\"async\" width=\"263\" height=\"198\" src=\"https:\/\/soenderjydsk-kaal.dk\/wp-content\/uploads\/2026\/01\/csm_steffan_kyhl_soenderjydsk_kaal_0301c3933a.jpg\" class=\"attachment-large size-large wp-image-10679\" alt=\"\" \/>\t\t\t\t\t\t\t\t\t\t\t\t\t\t\t<\/div>\n\t\t\t\t<\/div>\n\t\t\t\t<div class=\"elementor-element elementor-element-b08a0ed elementor-widget elementor-widget-text-editor\" data-id=\"b08a0ed\" data-element_type=\"widget\" data-widget_type=\"text-editor.default\">\n\t\t\t\t<div class=\"elementor-widget-container\">\n\t\t\t\t\t\t\t\t\t<h4>Steffan Kyhl<\/h4><p><strong>Direktor<\/strong><\/p><p><a href=\"Telefon: +45 202729 206066\">+45 2729 6066<\/a><br> <a title=\"Steffan Kyhl\" href=\"mailto:s.kyhl@soenderjydsk-kaal.dk\">s.kyhl@soenderjydsk-kaal.dk<\/a><\/p>\t\t\t\t\t\t\t\t<\/div>\n\t\t\t\t<\/div>\n\t\t\t\t<\/div>\n\t\t<div class=\"elementor-element elementor-element-803d882 e-con-full e-flex e-con e-child\" data-id=\"803d882\" data-element_type=\"container\">\n\t\t\t\t<div class=\"elementor-element elementor-element-1b146b9 elementor-widget elementor-widget-wp-widget-forminator_widget\" data-id=\"1b146b9\" data-element_type=\"widget\" data-widget_type=\"wp-widget-forminator_widget.default\">\n\t\t\t\t<div class=\"elementor-widget-container\">\n\t\t\t\t\t<form id=\"forminator-module-10982\" class=\"forminator-custom-form forminator-custom-form-10982\" method=\"post\" data-forminator-render=\"0\" data-uid=\"6a0928584e8ed\"><div role=\"alert\" aria-live=\"polite\" class=\"forminator-response-message forminator-error\" aria-hidden=\"true\"><\/div><\/form>\t\t\t\t<\/div>\n\t\t\t\t<\/div>\n\t\t\t\t<\/div>\n\t\t\t\t\t<\/div>\n\t\t\t\t<\/div>\n\t\t\t\t<\/div>\n\t\t","protected":false},"excerpt":{"rendered":"<p>Haben Sie Fragen oder Anmerkungen? Kontaktieren Sie uns noch heute, um mehr dar\u00fcber zu erfahren, was wir f\u00fcr Sie tun k\u00f6nnen.<\/p>\n","protected":false},"author":1,"featured_media":0,"parent":0,"menu_order":0,"comment_status":"closed","ping_status":"closed","template":"","meta":{"_acf_changed":false,"footnotes":""},"categories":[],"class_list":["post-10983","page","type-page","status-publish"],"acf":[],"yoast_head":"<!-- This site is optimized with the Yoast SEO plugin v27.5 - https:\/\/yoast.com\/product\/yoast-seo-wordpress\/ -->\n<title>Kontaktieren Sie S\u00f8nderjydsk K\u00e5l \u2013 wir sind jederzeit f\u00fcr ein Gespr\u00e4ch bereit.<\/title>\n<meta name=\"description\" content=\"Kontaktieren Sie S\u00f8nderjydsk K\u00e5l \u2013 wir sind jederzeit f\u00fcr ein Gespr\u00e4ch bereit.\" \/>\n<meta name=\"robots\" content=\"index, follow, max-snippet:-1, max-image-preview:large, max-video-preview:-1\" \/>\n<link rel=\"canonical\" href=\"https:\/\/soenderjydsk-kaal.dk\/de\/kontakt\/\" \/>\n<meta property=\"og:locale\" content=\"de_DE\" \/>\n<meta property=\"og:type\" content=\"article\" \/>\n<meta property=\"og:title\" content=\"Kontaktieren Sie S\u00f8nderjydsk K\u00e5l \u2013 wir sind jederzeit f\u00fcr ein Gespr\u00e4ch bereit.\" \/>\n<meta property=\"og:description\" content=\"Kontaktieren Sie S\u00f8nderjydsk K\u00e5l \u2013 wir sind jederzeit f\u00fcr ein Gespr\u00e4ch bereit.\" \/>\n<meta property=\"og:url\" content=\"https:\/\/soenderjydsk-kaal.dk\/de\/kontakt\/\" \/>\n<meta property=\"og:site_name\" content=\"S\u00f8nderjydsk K\u00e5l ApS\" \/>\n<meta property=\"article:modified_time\" content=\"2026-03-13T08:56:05+00:00\" \/>\n<meta property=\"og:image\" content=\"https:\/\/soenderjydsk-kaal.dk\/wp-content\/uploads\/2026\/01\/csm_steffan_kyhl_soenderjydsk_kaal_0301c3933a.jpg\" \/>\n\t<meta property=\"og:image:width\" content=\"263\" \/>\n\t<meta property=\"og:image:height\" content=\"198\" \/>\n\t<meta property=\"og:image:type\" content=\"image\/jpeg\" \/>\n<meta name=\"twitter:card\" content=\"summary_large_image\" \/>\n<script type=\"application\/ld+json\" class=\"yoast-schema-graph\">{\"@context\":\"https:\\\/\\\/schema.org\",\"@graph\":[{\"@type\":\"WebPage\",\"@id\":\"https:\\\/\\\/soenderjydsk-kaal.dk\\\/de\\\/kontakt\\\/\",\"url\":\"https:\\\/\\\/soenderjydsk-kaal.dk\\\/de\\\/kontakt\\\/\",\"name\":\"Kontaktieren Sie S\u00f8nderjydsk K\u00e5l \u2013 wir sind jederzeit f\u00fcr ein Gespr\u00e4ch bereit.\",\"isPartOf\":{\"@id\":\"https:\\\/\\\/soenderjydsk-kaal.dk\\\/de\\\/#website\"},\"primaryImageOfPage\":{\"@id\":\"https:\\\/\\\/soenderjydsk-kaal.dk\\\/de\\\/kontakt\\\/#primaryimage\"},\"image\":{\"@id\":\"https:\\\/\\\/soenderjydsk-kaal.dk\\\/de\\\/kontakt\\\/#primaryimage\"},\"thumbnailUrl\":\"https:\\\/\\\/soenderjydsk-kaal.webserver6.dk\\\/wp-content\\\/uploads\\\/2026\\\/01\\\/csm_steffan_kyhl_soenderjydsk_kaal_0301c3933a.jpg\",\"datePublished\":\"2020-02-12T12:11:38+00:00\",\"dateModified\":\"2026-03-13T08:56:05+00:00\",\"description\":\"Kontaktieren Sie S\u00f8nderjydsk K\u00e5l \u2013 wir sind jederzeit f\u00fcr ein Gespr\u00e4ch bereit.\",\"breadcrumb\":{\"@id\":\"https:\\\/\\\/soenderjydsk-kaal.dk\\\/de\\\/kontakt\\\/#breadcrumb\"},\"inLanguage\":\"de\",\"potentialAction\":[{\"@type\":\"ReadAction\",\"target\":[\"https:\\\/\\\/soenderjydsk-kaal.dk\\\/de\\\/kontakt\\\/\"]}]},{\"@type\":\"ImageObject\",\"inLanguage\":\"de\",\"@id\":\"https:\\\/\\\/soenderjydsk-kaal.dk\\\/de\\\/kontakt\\\/#primaryimage\",\"url\":\"https:\\\/\\\/soenderjydsk-kaal.webserver6.dk\\\/wp-content\\\/uploads\\\/2026\\\/01\\\/csm_steffan_kyhl_soenderjydsk_kaal_0301c3933a.jpg\",\"contentUrl\":\"https:\\\/\\\/soenderjydsk-kaal.webserver6.dk\\\/wp-content\\\/uploads\\\/2026\\\/01\\\/csm_steffan_kyhl_soenderjydsk_kaal_0301c3933a.jpg\"},{\"@type\":\"BreadcrumbList\",\"@id\":\"https:\\\/\\\/soenderjydsk-kaal.dk\\\/de\\\/kontakt\\\/#breadcrumb\",\"itemListElement\":[{\"@type\":\"ListItem\",\"position\":1,\"name\":\"Forside\",\"item\":\"https:\\\/\\\/soenderjydsk-kaal.webserver6.dk\\\/de\\\/startseite\\\/\"},{\"@type\":\"ListItem\",\"position\":2,\"name\":\"Kontakt\"}]},{\"@type\":\"WebSite\",\"@id\":\"https:\\\/\\\/soenderjydsk-kaal.dk\\\/de\\\/#website\",\"url\":\"https:\\\/\\\/soenderjydsk-kaal.dk\\\/de\\\/\",\"name\":\"S\u00f8nderjydsk K\u00e5l ApS\",\"description\":\"Firmaet med stolte s\u00f8nderjydske traditioner\",\"publisher\":{\"@id\":\"https:\\\/\\\/soenderjydsk-kaal.dk\\\/de\\\/#organization\"},\"potentialAction\":[{\"@type\":\"SearchAction\",\"target\":{\"@type\":\"EntryPoint\",\"urlTemplate\":\"https:\\\/\\\/soenderjydsk-kaal.dk\\\/de\\\/?s={search_term_string}\"},\"query-input\":{\"@type\":\"PropertyValueSpecification\",\"valueRequired\":true,\"valueName\":\"search_term_string\"}}],\"inLanguage\":\"de\"},{\"@type\":\"Organization\",\"@id\":\"https:\\\/\\\/soenderjydsk-kaal.dk\\\/de\\\/#organization\",\"name\":\"S\u00f8nderjydsk K\u00e5l ApS\",\"url\":\"https:\\\/\\\/soenderjydsk-kaal.dk\\\/de\\\/\",\"logo\":{\"@type\":\"ImageObject\",\"inLanguage\":\"de\",\"@id\":\"https:\\\/\\\/soenderjydsk-kaal.dk\\\/de\\\/#\\\/schema\\\/logo\\\/image\\\/\",\"url\":\"https:\\\/\\\/soenderjydsk-kaal.dk\\\/wp-content\\\/uploads\\\/2026\\\/01\\\/logo.png\",\"contentUrl\":\"https:\\\/\\\/soenderjydsk-kaal.dk\\\/wp-content\\\/uploads\\\/2026\\\/01\\\/logo.png\",\"width\":179,\"height\":72,\"caption\":\"S\u00f8nderjydsk K\u00e5l ApS\"},\"image\":{\"@id\":\"https:\\\/\\\/soenderjydsk-kaal.dk\\\/de\\\/#\\\/schema\\\/logo\\\/image\\\/\"}}]}<\/script>\n<!-- \/ Yoast SEO plugin. -->","yoast_head_json":{"title":"Kontaktieren Sie S\u00f8nderjydsk K\u00e5l \u2013 wir sind jederzeit f\u00fcr ein Gespr\u00e4ch bereit.","description":"Kontaktieren Sie S\u00f8nderjydsk K\u00e5l \u2013 wir sind jederzeit f\u00fcr ein Gespr\u00e4ch bereit.","robots":{"index":"index","follow":"follow","max-snippet":"max-snippet:-1","max-image-preview":"max-image-preview:large","max-video-preview":"max-video-preview:-1"},"canonical":"https:\/\/soenderjydsk-kaal.dk\/de\/kontakt\/","og_locale":"de_DE","og_type":"article","og_title":"Kontaktieren Sie S\u00f8nderjydsk K\u00e5l \u2013 wir sind jederzeit f\u00fcr ein Gespr\u00e4ch bereit.","og_description":"Kontaktieren Sie S\u00f8nderjydsk K\u00e5l \u2013 wir sind jederzeit f\u00fcr ein Gespr\u00e4ch bereit.","og_url":"https:\/\/soenderjydsk-kaal.dk\/de\/kontakt\/","og_site_name":"S\u00f8nderjydsk K\u00e5l ApS","article_modified_time":"2026-03-13T08:56:05+00:00","og_image":[{"width":263,"height":198,"url":"https:\/\/soenderjydsk-kaal.dk\/wp-content\/uploads\/2026\/01\/csm_steffan_kyhl_soenderjydsk_kaal_0301c3933a.jpg","type":"image\/jpeg"}],"twitter_card":"summary_large_image","schema":{"@context":"https:\/\/schema.org","@graph":[{"@type":"WebPage","@id":"https:\/\/soenderjydsk-kaal.dk\/de\/kontakt\/","url":"https:\/\/soenderjydsk-kaal.dk\/de\/kontakt\/","name":"Kontaktieren Sie S\u00f8nderjydsk K\u00e5l \u2013 wir sind jederzeit f\u00fcr ein Gespr\u00e4ch bereit.","isPartOf":{"@id":"https:\/\/soenderjydsk-kaal.dk\/de\/#website"},"primaryImageOfPage":{"@id":"https:\/\/soenderjydsk-kaal.dk\/de\/kontakt\/#primaryimage"},"image":{"@id":"https:\/\/soenderjydsk-kaal.dk\/de\/kontakt\/#primaryimage"},"thumbnailUrl":"https:\/\/soenderjydsk-kaal.webserver6.dk\/wp-content\/uploads\/2026\/01\/csm_steffan_kyhl_soenderjydsk_kaal_0301c3933a.jpg","datePublished":"2020-02-12T12:11:38+00:00","dateModified":"2026-03-13T08:56:05+00:00","description":"Kontaktieren Sie S\u00f8nderjydsk K\u00e5l \u2013 wir sind jederzeit f\u00fcr ein Gespr\u00e4ch bereit.","breadcrumb":{"@id":"https:\/\/soenderjydsk-kaal.dk\/de\/kontakt\/#breadcrumb"},"inLanguage":"de","potentialAction":[{"@type":"ReadAction","target":["https:\/\/soenderjydsk-kaal.dk\/de\/kontakt\/"]}]},{"@type":"ImageObject","inLanguage":"de","@id":"https:\/\/soenderjydsk-kaal.dk\/de\/kontakt\/#primaryimage","url":"https:\/\/soenderjydsk-kaal.webserver6.dk\/wp-content\/uploads\/2026\/01\/csm_steffan_kyhl_soenderjydsk_kaal_0301c3933a.jpg","contentUrl":"https:\/\/soenderjydsk-kaal.webserver6.dk\/wp-content\/uploads\/2026\/01\/csm_steffan_kyhl_soenderjydsk_kaal_0301c3933a.jpg"},{"@type":"BreadcrumbList","@id":"https:\/\/soenderjydsk-kaal.dk\/de\/kontakt\/#breadcrumb","itemListElement":[{"@type":"ListItem","position":1,"name":"Forside","item":"https:\/\/soenderjydsk-kaal.webserver6.dk\/de\/startseite\/"},{"@type":"ListItem","position":2,"name":"Kontakt"}]},{"@type":"WebSite","@id":"https:\/\/soenderjydsk-kaal.dk\/de\/#website","url":"https:\/\/soenderjydsk-kaal.dk\/de\/","name":"S\u00f8nderjydsk K\u00e5l ApS","description":"Firmaet med stolte s\u00f8nderjydske traditioner","publisher":{"@id":"https:\/\/soenderjydsk-kaal.dk\/de\/#organization"},"potentialAction":[{"@type":"SearchAction","target":{"@type":"EntryPoint","urlTemplate":"https:\/\/soenderjydsk-kaal.dk\/de\/?s={search_term_string}"},"query-input":{"@type":"PropertyValueSpecification","valueRequired":true,"valueName":"search_term_string"}}],"inLanguage":"de"},{"@type":"Organization","@id":"https:\/\/soenderjydsk-kaal.dk\/de\/#organization","name":"S\u00f8nderjydsk K\u00e5l ApS","url":"https:\/\/soenderjydsk-kaal.dk\/de\/","logo":{"@type":"ImageObject","inLanguage":"de","@id":"https:\/\/soenderjydsk-kaal.dk\/de\/#\/schema\/logo\/image\/","url":"https:\/\/soenderjydsk-kaal.dk\/wp-content\/uploads\/2026\/01\/logo.png","contentUrl":"https:\/\/soenderjydsk-kaal.dk\/wp-content\/uploads\/2026\/01\/logo.png","width":179,"height":72,"caption":"S\u00f8nderjydsk K\u00e5l ApS"},"image":{"@id":"https:\/\/soenderjydsk-kaal.dk\/de\/#\/schema\/logo\/image\/"}}]}},"_links":{"self":[{"href":"https:\/\/soenderjydsk-kaal.dk\/de\/wp-json\/wp\/v2\/pages\/10983","targetHints":{"allow":["GET"]}}],"collection":[{"href":"https:\/\/soenderjydsk-kaal.dk\/de\/wp-json\/wp\/v2\/pages"}],"about":[{"href":"https:\/\/soenderjydsk-kaal.dk\/de\/wp-json\/wp\/v2\/types\/page"}],"author":[{"embeddable":true,"href":"https:\/\/soenderjydsk-kaal.dk\/de\/wp-json\/wp\/v2\/users\/1"}],"replies":[{"embeddable":true,"href":"https:\/\/soenderjydsk-kaal.dk\/de\/wp-json\/wp\/v2\/comments?post=10983"}],"version-history":[{"count":10,"href":"https:\/\/soenderjydsk-kaal.dk\/de\/wp-json\/wp\/v2\/pages\/10983\/revisions"}],"predecessor-version":[{"id":11215,"href":"https:\/\/soenderjydsk-kaal.dk\/de\/wp-json\/wp\/v2\/pages\/10983\/revisions\/11215"}],"wp:attachment":[{"href":"https:\/\/soenderjydsk-kaal.dk\/de\/wp-json\/wp\/v2\/media?parent=10983"}],"wp:term":[{"taxonomy":"category","embeddable":true,"href":"https:\/\/soenderjydsk-kaal.dk\/de\/wp-json\/wp\/v2\/categories?post=10983"}],"curies":[{"name":"wp","href":"https:\/\/api.w.org\/{rel}","templated":true}]}}