{"id":11013,"date":"2026-01-23T12:19:51","date_gmt":"2026-01-23T11:19:51","guid":{"rendered":"https:\/\/soenderjydsk-kaal.webserver6.dk\/ueber-uns\/kohlbauern\/"},"modified":"2026-03-13T09:51:34","modified_gmt":"2026-03-13T08:51:34","slug":"kohlbauern","status":"publish","type":"page","link":"https:\/\/soenderjydsk-kaal.dk\/de\/ueber-uns\/kohlbauern\/","title":{"rendered":"Kohlbauern"},"content":{"rendered":"\t\t<div data-elementor-type=\"wp-page\" data-elementor-id=\"11013\" class=\"elementor elementor-11013 elementor-10151\" data-elementor-post-type=\"page\">\n\t\t\t\t<div class=\"elementor-element elementor-element-0c8d4dd white e-flex e-con-boxed e-con e-parent\" data-id=\"0c8d4dd\" data-element_type=\"container\" data-settings=\"{&quot;background_background&quot;:&quot;classic&quot;}\">\n\t\t\t\t\t<div class=\"e-con-inner\">\n\t\t\t\t<div class=\"elementor-element elementor-element-5904771 elementor-widget elementor-widget-heading\" data-id=\"5904771\" data-element_type=\"widget\" data-widget_type=\"heading.default\">\n\t\t\t\t<div class=\"elementor-widget-container\">\n\t\t\t\t\t<h1 class=\"elementor-heading-title elementor-size-default\">Unsere erfahrenen Kohlz\u00fcchter<\/h1>\t\t\t\t<\/div>\n\t\t\t\t<\/div>\n\t\t\t\t\t<\/div>\n\t\t\t\t<\/div>\n\t\t<div class=\"elementor-element elementor-element-ed21621 e-flex e-con-boxed e-con e-parent\" data-id=\"ed21621\" data-element_type=\"container\">\n\t\t\t\t\t<div class=\"e-con-inner\">\n\t\t<div class=\"elementor-element elementor-element-b0fb6a2 e-con-full e-flex e-con e-child\" data-id=\"b0fb6a2\" data-element_type=\"container\">\n\t\t\t\t<div class=\"elementor-element elementor-element-247cc07 elementor-widget elementor-widget-text-editor\" data-id=\"247cc07\" data-element_type=\"widget\" data-widget_type=\"text-editor.default\">\n\t\t\t\t<div class=\"elementor-widget-container\">\n\t\t\t\t\t\t\t\t\t<h2>Kohlbauern \u2013 wenn Qualit\u00e4t alles bedeutet<\/h2><p><strong>Bio-Gr\u00fcnkohl<\/strong><\/p><p>Der Bio-Gr\u00fcnkohl wird von der D\u00f6rscher &amp; Carstens Bio GbR, Zum Westhof 6, 257640 Friederichsgabekoog, angebaut.<\/p><p>Da wir von Mitte August bis Anfang November \u00fcber einen Zeitraum von etwa 10 Wochen eine sehr konzentrierte Produktion durchf\u00fchren, ist es f\u00fcr uns unerl\u00e4sslich, dass die Lieferung jeden Tag p\u00fcnktlich erfolgt. Uns ist es au\u00dferdem wichtig, dass unser Anbauer die bestellte Menge Gr\u00fcnkohl liefern kann und dass es sich um die richtige Sorte handelt. Es gibt unglaublich gro\u00dfe Unterschiede zwischen den verschiedenen Gr\u00fcnkohlsorten, und sowohl Aussehen als auch Geschmack m\u00fcssen einwandfrei sein, damit wir f\u00fcr das Endprodukt b\u00fcrgen k\u00f6nnen.<\/p><p><strong>Wei\u00dfkohl<\/strong><\/p><p>Derzeit wird Bio-Wei\u00dfkohl ausschlie\u00dflich f\u00fcr den Verkauf an andere Verarbeitungsbetriebe verwendet. Daher handelt es sich bei dem Wei\u00dfkohl, der in den Tiefk\u00fchltruhen der Einzelh\u00e4ndler zu finden ist, nicht um Bio-Kohl.<\/p><p>Unser Wei\u00dfkohl \u2013 sowohl konventionell als auch in Bio-Qualit\u00e4t \u2013 wird in Dithmarschen angebaut, wo er pr\u00e4chtig gedeiht, was unter anderem an den besonderen Bodenverh\u00e4ltnissen der Region liegt.<\/p><p>Wir pflegen eine langj\u00e4hrige Zusammenarbeit mit beiden Anbaubetrieben, was dazu beitr\u00e4gt, Saison f\u00fcr Saison die gleiche hohe Qualit\u00e4t zu gew\u00e4hrleisten.<\/p>\t\t\t\t\t\t\t\t<\/div>\n\t\t\t\t<\/div>\n\t\t\t\t<\/div>\n\t\t\t\t\t<\/div>\n\t\t\t\t<\/div>\n\t\t\t\t<\/div>\n\t\t","protected":false},"excerpt":{"rendered":"<p>Unsere erfahrenen Kohlz\u00fcchter Kohlbauern \u2013 wenn Qualit\u00e4t alles bedeutet Bio-Gr\u00fcnkohl Der Bio-Gr\u00fcnkohl wird von der D\u00f6rscher &amp; Carstens Bio GbR, Zum Westhof 6, 257640 Friederichsgabekoog, angebaut. Da wir von Mitte August bis Anfang November \u00fcber einen Zeitraum von etwa 10 Wochen eine sehr konzentrierte Produktion durchf\u00fchren, ist es f\u00fcr uns unerl\u00e4sslich, dass die Lieferung jeden &#8230; <a title=\"Kohlbauern\" class=\"read-more\" href=\"https:\/\/soenderjydsk-kaal.dk\/de\/ueber-uns\/kohlbauern\/\" aria-label=\"Mehr Informationen \u00fcber Kohlbauern\">Weiterlesen &#8230;<\/a><\/p>\n","protected":false},"author":1,"featured_media":0,"parent":10998,"menu_order":0,"comment_status":"closed","ping_status":"closed","template":"","meta":{"_acf_changed":false,"footnotes":""},"categories":[],"class_list":["post-11013","page","type-page","status-publish"],"acf":[],"yoast_head":"<!-- This site is optimized with the Yoast SEO plugin v27.4 - https:\/\/yoast.com\/product\/yoast-seo-wordpress\/ -->\n<title>Kohlbauern \u2013 unsere erfahrenen und qualit\u00e4tsbewussten Lieferanten<\/title>\n<meta name=\"description\" content=\"Kohlbauern \u2013 unsere erfahrenen und qualit\u00e4tsbewussten Lieferanten\" \/>\n<meta name=\"robots\" content=\"index, follow, max-snippet:-1, max-image-preview:large, max-video-preview:-1\" \/>\n<link rel=\"canonical\" href=\"https:\/\/soenderjydsk-kaal.dk\/de\/ueber-uns\/kohlbauern\/\" \/>\n<meta property=\"og:locale\" content=\"de_DE\" \/>\n<meta property=\"og:type\" content=\"article\" \/>\n<meta property=\"og:title\" content=\"Kohlbauern \u2013 unsere erfahrenen und qualit\u00e4tsbewussten Lieferanten\" \/>\n<meta property=\"og:description\" content=\"Kohlbauern \u2013 unsere erfahrenen und qualit\u00e4tsbewussten Lieferanten\" \/>\n<meta property=\"og:url\" content=\"https:\/\/soenderjydsk-kaal.dk\/de\/ueber-uns\/kohlbauern\/\" \/>\n<meta property=\"og:site_name\" content=\"S\u00f8nderjydsk K\u00e5l ApS\" \/>\n<meta property=\"article:modified_time\" content=\"2026-03-13T08:51:34+00:00\" \/>\n<meta name=\"twitter:card\" content=\"summary_large_image\" \/>\n<meta name=\"twitter:label1\" content=\"Gesch\u00e4tzte Lesezeit\" \/>\n\t<meta name=\"twitter:data1\" content=\"1\u00a0Minute\" \/>\n<script type=\"application\/ld+json\" class=\"yoast-schema-graph\">{\"@context\":\"https:\\\/\\\/schema.org\",\"@graph\":[{\"@type\":\"WebPage\",\"@id\":\"https:\\\/\\\/soenderjydsk-kaal.dk\\\/de\\\/ueber-uns\\\/kohlbauern\\\/\",\"url\":\"https:\\\/\\\/soenderjydsk-kaal.dk\\\/de\\\/ueber-uns\\\/kohlbauern\\\/\",\"name\":\"Kohlbauern \u2013 unsere erfahrenen und qualit\u00e4tsbewussten Lieferanten\",\"isPartOf\":{\"@id\":\"https:\\\/\\\/soenderjydsk-kaal.dk\\\/de\\\/#website\"},\"datePublished\":\"2026-01-23T11:19:51+00:00\",\"dateModified\":\"2026-03-13T08:51:34+00:00\",\"description\":\"Kohlbauern \u2013 unsere erfahrenen und qualit\u00e4tsbewussten Lieferanten\",\"breadcrumb\":{\"@id\":\"https:\\\/\\\/soenderjydsk-kaal.dk\\\/de\\\/ueber-uns\\\/kohlbauern\\\/#breadcrumb\"},\"inLanguage\":\"de\",\"potentialAction\":[{\"@type\":\"ReadAction\",\"target\":[\"https:\\\/\\\/soenderjydsk-kaal.dk\\\/de\\\/ueber-uns\\\/kohlbauern\\\/\"]}]},{\"@type\":\"BreadcrumbList\",\"@id\":\"https:\\\/\\\/soenderjydsk-kaal.dk\\\/de\\\/ueber-uns\\\/kohlbauern\\\/#breadcrumb\",\"itemListElement\":[{\"@type\":\"ListItem\",\"position\":1,\"name\":\"Forside\",\"item\":\"https:\\\/\\\/soenderjydsk-kaal.webserver6.dk\\\/de\\\/startseite\\\/\"},{\"@type\":\"ListItem\",\"position\":2,\"name\":\"\u00dcber uns\",\"item\":\"https:\\\/\\\/soenderjydsk-kaal.webserver6.dk\\\/de\\\/ueber-uns\\\/\"},{\"@type\":\"ListItem\",\"position\":3,\"name\":\"Kohlbauern\"}]},{\"@type\":\"WebSite\",\"@id\":\"https:\\\/\\\/soenderjydsk-kaal.dk\\\/de\\\/#website\",\"url\":\"https:\\\/\\\/soenderjydsk-kaal.dk\\\/de\\\/\",\"name\":\"S\u00f8nderjydsk K\u00e5l ApS\",\"description\":\"Firmaet med stolte s\u00f8nderjydske traditioner\",\"publisher\":{\"@id\":\"https:\\\/\\\/soenderjydsk-kaal.dk\\\/de\\\/#organization\"},\"potentialAction\":[{\"@type\":\"SearchAction\",\"target\":{\"@type\":\"EntryPoint\",\"urlTemplate\":\"https:\\\/\\\/soenderjydsk-kaal.dk\\\/de\\\/?s={search_term_string}\"},\"query-input\":{\"@type\":\"PropertyValueSpecification\",\"valueRequired\":true,\"valueName\":\"search_term_string\"}}],\"inLanguage\":\"de\"},{\"@type\":\"Organization\",\"@id\":\"https:\\\/\\\/soenderjydsk-kaal.dk\\\/de\\\/#organization\",\"name\":\"S\u00f8nderjydsk K\u00e5l ApS\",\"url\":\"https:\\\/\\\/soenderjydsk-kaal.dk\\\/de\\\/\",\"logo\":{\"@type\":\"ImageObject\",\"inLanguage\":\"de\",\"@id\":\"https:\\\/\\\/soenderjydsk-kaal.dk\\\/de\\\/#\\\/schema\\\/logo\\\/image\\\/\",\"url\":\"https:\\\/\\\/soenderjydsk-kaal.dk\\\/wp-content\\\/uploads\\\/2026\\\/01\\\/logo.png\",\"contentUrl\":\"https:\\\/\\\/soenderjydsk-kaal.dk\\\/wp-content\\\/uploads\\\/2026\\\/01\\\/logo.png\",\"width\":179,\"height\":72,\"caption\":\"S\u00f8nderjydsk K\u00e5l ApS\"},\"image\":{\"@id\":\"https:\\\/\\\/soenderjydsk-kaal.dk\\\/de\\\/#\\\/schema\\\/logo\\\/image\\\/\"}}]}<\/script>\n<!-- \/ Yoast SEO plugin. -->","yoast_head_json":{"title":"Kohlbauern \u2013 unsere erfahrenen und qualit\u00e4tsbewussten Lieferanten","description":"Kohlbauern \u2013 unsere erfahrenen und qualit\u00e4tsbewussten Lieferanten","robots":{"index":"index","follow":"follow","max-snippet":"max-snippet:-1","max-image-preview":"max-image-preview:large","max-video-preview":"max-video-preview:-1"},"canonical":"https:\/\/soenderjydsk-kaal.dk\/de\/ueber-uns\/kohlbauern\/","og_locale":"de_DE","og_type":"article","og_title":"Kohlbauern \u2013 unsere erfahrenen und qualit\u00e4tsbewussten Lieferanten","og_description":"Kohlbauern \u2013 unsere erfahrenen und qualit\u00e4tsbewussten Lieferanten","og_url":"https:\/\/soenderjydsk-kaal.dk\/de\/ueber-uns\/kohlbauern\/","og_site_name":"S\u00f8nderjydsk K\u00e5l ApS","article_modified_time":"2026-03-13T08:51:34+00:00","twitter_card":"summary_large_image","twitter_misc":{"Gesch\u00e4tzte Lesezeit":"1\u00a0Minute"},"schema":{"@context":"https:\/\/schema.org","@graph":[{"@type":"WebPage","@id":"https:\/\/soenderjydsk-kaal.dk\/de\/ueber-uns\/kohlbauern\/","url":"https:\/\/soenderjydsk-kaal.dk\/de\/ueber-uns\/kohlbauern\/","name":"Kohlbauern \u2013 unsere erfahrenen und qualit\u00e4tsbewussten Lieferanten","isPartOf":{"@id":"https:\/\/soenderjydsk-kaal.dk\/de\/#website"},"datePublished":"2026-01-23T11:19:51+00:00","dateModified":"2026-03-13T08:51:34+00:00","description":"Kohlbauern \u2013 unsere erfahrenen und qualit\u00e4tsbewussten Lieferanten","breadcrumb":{"@id":"https:\/\/soenderjydsk-kaal.dk\/de\/ueber-uns\/kohlbauern\/#breadcrumb"},"inLanguage":"de","potentialAction":[{"@type":"ReadAction","target":["https:\/\/soenderjydsk-kaal.dk\/de\/ueber-uns\/kohlbauern\/"]}]},{"@type":"BreadcrumbList","@id":"https:\/\/soenderjydsk-kaal.dk\/de\/ueber-uns\/kohlbauern\/#breadcrumb","itemListElement":[{"@type":"ListItem","position":1,"name":"Forside","item":"https:\/\/soenderjydsk-kaal.webserver6.dk\/de\/startseite\/"},{"@type":"ListItem","position":2,"name":"\u00dcber uns","item":"https:\/\/soenderjydsk-kaal.webserver6.dk\/de\/ueber-uns\/"},{"@type":"ListItem","position":3,"name":"Kohlbauern"}]},{"@type":"WebSite","@id":"https:\/\/soenderjydsk-kaal.dk\/de\/#website","url":"https:\/\/soenderjydsk-kaal.dk\/de\/","name":"S\u00f8nderjydsk K\u00e5l ApS","description":"Firmaet med stolte s\u00f8nderjydske traditioner","publisher":{"@id":"https:\/\/soenderjydsk-kaal.dk\/de\/#organization"},"potentialAction":[{"@type":"SearchAction","target":{"@type":"EntryPoint","urlTemplate":"https:\/\/soenderjydsk-kaal.dk\/de\/?s={search_term_string}"},"query-input":{"@type":"PropertyValueSpecification","valueRequired":true,"valueName":"search_term_string"}}],"inLanguage":"de"},{"@type":"Organization","@id":"https:\/\/soenderjydsk-kaal.dk\/de\/#organization","name":"S\u00f8nderjydsk K\u00e5l ApS","url":"https:\/\/soenderjydsk-kaal.dk\/de\/","logo":{"@type":"ImageObject","inLanguage":"de","@id":"https:\/\/soenderjydsk-kaal.dk\/de\/#\/schema\/logo\/image\/","url":"https:\/\/soenderjydsk-kaal.dk\/wp-content\/uploads\/2026\/01\/logo.png","contentUrl":"https:\/\/soenderjydsk-kaal.dk\/wp-content\/uploads\/2026\/01\/logo.png","width":179,"height":72,"caption":"S\u00f8nderjydsk K\u00e5l ApS"},"image":{"@id":"https:\/\/soenderjydsk-kaal.dk\/de\/#\/schema\/logo\/image\/"}}]}},"_links":{"self":[{"href":"https:\/\/soenderjydsk-kaal.dk\/de\/wp-json\/wp\/v2\/pages\/11013","targetHints":{"allow":["GET"]}}],"collection":[{"href":"https:\/\/soenderjydsk-kaal.dk\/de\/wp-json\/wp\/v2\/pages"}],"about":[{"href":"https:\/\/soenderjydsk-kaal.dk\/de\/wp-json\/wp\/v2\/types\/page"}],"author":[{"embeddable":true,"href":"https:\/\/soenderjydsk-kaal.dk\/de\/wp-json\/wp\/v2\/users\/1"}],"replies":[{"embeddable":true,"href":"https:\/\/soenderjydsk-kaal.dk\/de\/wp-json\/wp\/v2\/comments?post=11013"}],"version-history":[{"count":3,"href":"https:\/\/soenderjydsk-kaal.dk\/de\/wp-json\/wp\/v2\/pages\/11013\/revisions"}],"predecessor-version":[{"id":11169,"href":"https:\/\/soenderjydsk-kaal.dk\/de\/wp-json\/wp\/v2\/pages\/11013\/revisions\/11169"}],"up":[{"embeddable":true,"href":"https:\/\/soenderjydsk-kaal.dk\/de\/wp-json\/wp\/v2\/pages\/10998"}],"wp:attachment":[{"href":"https:\/\/soenderjydsk-kaal.dk\/de\/wp-json\/wp\/v2\/media?parent=11013"}],"wp:term":[{"taxonomy":"category","embeddable":true,"href":"https:\/\/soenderjydsk-kaal.dk\/de\/wp-json\/wp\/v2\/categories?post=11013"}],"curies":[{"name":"wp","href":"https:\/\/api.w.org\/{rel}","templated":true}]}}