{"id":11018,"date":"2026-01-23T12:19:36","date_gmt":"2026-01-23T11:19:36","guid":{"rendered":"https:\/\/soenderjydsk-kaal.webserver6.dk\/haendler\/"},"modified":"2026-03-13T09:53:25","modified_gmt":"2026-03-13T08:53:25","slug":"haendler","status":"publish","type":"page","link":"https:\/\/soenderjydsk-kaal.dk\/de\/haendler\/","title":{"rendered":"H\u00e4ndler"},"content":{"rendered":"\t\t<div data-elementor-type=\"wp-page\" data-elementor-id=\"11018\" class=\"elementor elementor-11018 elementor-10145\" data-elementor-post-type=\"page\">\n\t\t\t\t<div class=\"elementor-element elementor-element-0c8d4dd white e-flex e-con-boxed e-con e-parent\" data-id=\"0c8d4dd\" data-element_type=\"container\" data-settings=\"{&quot;background_background&quot;:&quot;classic&quot;}\">\n\t\t\t\t\t<div class=\"e-con-inner\">\n\t\t\t\t<div class=\"elementor-element elementor-element-5904771 elementor-widget elementor-widget-heading\" data-id=\"5904771\" data-element_type=\"widget\" data-widget_type=\"heading.default\">\n\t\t\t\t<div class=\"elementor-widget-container\">\n\t\t\t\t\t<h1 class=\"elementor-heading-title elementor-size-default\">Unsere H\u00e4ndler finden Sie unten.<\/h1>\t\t\t\t<\/div>\n\t\t\t\t<\/div>\n\t\t\t\t\t<\/div>\n\t\t\t\t<\/div>\n\t\t<div class=\"elementor-element elementor-element-ed21621 e-flex e-con-boxed e-con e-parent\" data-id=\"ed21621\" data-element_type=\"container\">\n\t\t\t\t\t<div class=\"e-con-inner\">\n\t\t<div class=\"elementor-element elementor-element-b0fb6a2 e-con-full e-flex e-con e-child\" data-id=\"b0fb6a2\" data-element_type=\"container\">\n\t\t\t\t<div class=\"elementor-element elementor-element-247cc07 elementor-widget elementor-widget-text-editor\" data-id=\"247cc07\" data-element_type=\"widget\" data-widget_type=\"text-editor.default\">\n\t\t\t\t<div class=\"elementor-widget-container\">\n\t\t\t\t\t\t\t\t\t<h2>H\u00e4ndler &#8211; Einzelhandel<\/h2><h4>D\u00e4nemark<\/h4><p><strong>Coop D\u00e4nemark<\/strong><\/p><ul><li>T\u00e4gliche Anwendung<\/li><li>CO-OP<\/li><li>365 Rabatte<\/li><li>Schnell<\/li><li>Super Use<\/li><\/ul><p><strong>Salling-Gruppe<\/strong><\/p><ul><li>Bilka<\/li><li>Fotex<\/li><li>Netto<\/li><\/ul><p>Die unten aufgef\u00fchrten Gesch\u00e4fte haben die beiden Tiefk\u00fchlprodukte gekochter, gehackter Wei\u00dfkohl und gekochter, gehackter Bio-Gr\u00fcnkohl das ganze Jahr \u00fcber im Sortiment.<br> F\u00d8TEX: Aabenraa, Faaborg, Haderslev, Kolding, Ribe, Viby, Svendborg, S\u00f8nderborg.<br> Bilka: Esbjerg, Kolding, Sonderborg.<\/p><p><strong>Reitan Distribution<\/strong><\/p><ul><li>Rema 1000<\/li><\/ul><p>Die Gesch\u00e4fte in S\u00fcdj\u00fctland haben die beiden Tiefk\u00fchlprodukte gekochten, gehackten Wei\u00dfkohl und gekochten, gehackten Bio-Gr\u00fcnkohl das ganze Jahr \u00fcber im Sortiment.<\/p><p><strong>Dagrofa Logistics<\/strong><\/p><ul><li>Speichern<\/li><li>SPEISEKARTE<\/li><li>Mein Lebensmittelgesch\u00e4ft<\/li><li>Einfacher Kauf<\/li><\/ul><h4>Deutschland<\/h4><p><strong>Fleggaard<\/strong><\/p><ul><li>S\u00fcderl\u00fcgum, Harrisslee, Krusaa<\/li><\/ul><p><strong>S\u00fcderl\u00fcgum Zentralmarkt EDEKA<\/strong><\/p><ul><li>S\u00fcderl\u00fcgum<\/li><\/ul><p><strong>Pattburg Poetzsch<\/strong><\/p><ul><li>Harrislee<\/li><\/ul><p><strong>Edeka<\/strong><\/p><ul><li>Ladelund<\/li><\/ul><p>Die oben genannten Einzelhandelsketten verkaufen unsere Produkte. Manche Ketten haben die Produkte das ganze Jahr \u00fcber im Sortiment, andere nur f\u00fcr ein paar Wochen oder Monate. Ebenso wenig sind die Produkte \u00fcberall in Ostd\u00e4nemark erh\u00e4ltlich.<\/p><h2>Einzelh\u00e4ndler &#8211; Gastronomie<\/h2><p>Es gibt viele gute Gr\u00fcnde, warum Sie das Catering f\u00fcr Ihre Party oder Veranstaltung einem professionellen Unternehmen \u00fcberlassen sollten.<\/p><p>Dar\u00fcber hinaus wird Ihnen garantiert auch die Lieferung von delikaten und k\u00f6stlichen Speisen in hoher Qualit\u00e4t zugesichert.<\/p><p>Als Qualit\u00e4tsmarke passt S\u00f8nderjydsk K\u00e5l gut zu uns, und wir legen gro\u00dfen Wert auf Catering.<\/p><p>Deshalb beliefern wir gerne alle Catering-Unternehmen, ob gro\u00df oder klein.<\/p><p>Wir sind bei allen gro\u00dfen Anbietern vertreten, darunter <strong>BC Catering, AB Catering, Dagrofa Foodservice, H\u00f8rkram und Kandi<\/strong> .<\/p><h2>Einzelh\u00e4ndler &#8211; online<\/h2><p>Sie k\u00f6nnen uns auch online besuchen. Das k\u00f6nnen Sie \u00fcber diesen Webshop tun:<\/p><ul><li><b>Gaardmester.dk<\/b><\/li><\/ul><p>Bei Fragen k\u00f6nnen Sie sich jederzeit <a href=\"https:\/\/soenderjydsk-kaal.webserver6.dk\/de\/kontakt\/\">an uns wenden<\/a> .<\/p>\t\t\t\t\t\t\t\t<\/div>\n\t\t\t\t<\/div>\n\t\t\t\t<\/div>\n\t\t\t\t\t<\/div>\n\t\t\t\t<\/div>\n\t\t\t\t<\/div>\n\t\t","protected":false},"excerpt":{"rendered":"<p>Unsere H\u00e4ndler finden Sie unten. H\u00e4ndler &#8211; Einzelhandel D\u00e4nemark Coop D\u00e4nemark T\u00e4gliche Anwendung CO-OP 365 Rabatte Schnell Super Use Salling-Gruppe Bilka Fotex Netto Die unten aufgef\u00fchrten Gesch\u00e4fte haben die beiden Tiefk\u00fchlprodukte gekochter, gehackter Wei\u00dfkohl und gekochter, gehackter Bio-Gr\u00fcnkohl das ganze Jahr \u00fcber im Sortiment. F\u00d8TEX: Aabenraa, Faaborg, Haderslev, Kolding, Ribe, Viby, Svendborg, S\u00f8nderborg. Bilka: Esbjerg, &#8230; <a title=\"H\u00e4ndler\" class=\"read-more\" href=\"https:\/\/soenderjydsk-kaal.dk\/de\/haendler\/\" aria-label=\"Mehr Informationen \u00fcber H\u00e4ndler\">Weiterlesen &#8230;<\/a><\/p>\n","protected":false},"author":1,"featured_media":0,"parent":0,"menu_order":0,"comment_status":"closed","ping_status":"closed","template":"","meta":{"_acf_changed":false,"footnotes":""},"categories":[],"class_list":["post-11018","page","type-page","status-publish"],"acf":[],"yoast_head":"<!-- This site is optimized with the Yoast SEO plugin v27.5 - https:\/\/yoast.com\/product\/yoast-seo-wordpress\/ -->\n<title>Einzelh\u00e4ndler \u2013 Hier finden Sie Produkte von S\u00f8nderjydsk K\u00e5l.<\/title>\n<meta name=\"description\" content=\"Einzelh\u00e4ndler \u2013 Hier finden Sie Produkte von S\u00f8nderjydsk K\u00e5l.\" \/>\n<meta name=\"robots\" content=\"index, follow, max-snippet:-1, max-image-preview:large, max-video-preview:-1\" \/>\n<link rel=\"canonical\" href=\"https:\/\/soenderjydsk-kaal.dk\/de\/haendler\/\" \/>\n<meta property=\"og:locale\" content=\"de_DE\" \/>\n<meta property=\"og:type\" content=\"article\" \/>\n<meta property=\"og:title\" content=\"Einzelh\u00e4ndler \u2013 Hier finden Sie Produkte von S\u00f8nderjydsk K\u00e5l.\" \/>\n<meta property=\"og:description\" content=\"Einzelh\u00e4ndler \u2013 Hier finden Sie Produkte von S\u00f8nderjydsk K\u00e5l.\" \/>\n<meta property=\"og:url\" content=\"https:\/\/soenderjydsk-kaal.dk\/de\/haendler\/\" \/>\n<meta property=\"og:site_name\" content=\"S\u00f8nderjydsk K\u00e5l ApS\" \/>\n<meta property=\"article:modified_time\" content=\"2026-03-13T08:53:25+00:00\" \/>\n<meta name=\"twitter:card\" content=\"summary_large_image\" \/>\n<meta name=\"twitter:label1\" content=\"Gesch\u00e4tzte Lesezeit\" \/>\n\t<meta name=\"twitter:data1\" content=\"1\u00a0Minute\" \/>\n<script type=\"application\/ld+json\" class=\"yoast-schema-graph\">{\"@context\":\"https:\\\/\\\/schema.org\",\"@graph\":[{\"@type\":\"WebPage\",\"@id\":\"https:\\\/\\\/soenderjydsk-kaal.dk\\\/de\\\/haendler\\\/\",\"url\":\"https:\\\/\\\/soenderjydsk-kaal.dk\\\/de\\\/haendler\\\/\",\"name\":\"Einzelh\u00e4ndler \u2013 Hier finden Sie Produkte von S\u00f8nderjydsk K\u00e5l.\",\"isPartOf\":{\"@id\":\"https:\\\/\\\/soenderjydsk-kaal.dk\\\/de\\\/#website\"},\"datePublished\":\"2026-01-23T11:19:36+00:00\",\"dateModified\":\"2026-03-13T08:53:25+00:00\",\"description\":\"Einzelh\u00e4ndler \u2013 Hier finden Sie Produkte von S\u00f8nderjydsk K\u00e5l.\",\"breadcrumb\":{\"@id\":\"https:\\\/\\\/soenderjydsk-kaal.dk\\\/de\\\/haendler\\\/#breadcrumb\"},\"inLanguage\":\"de\",\"potentialAction\":[{\"@type\":\"ReadAction\",\"target\":[\"https:\\\/\\\/soenderjydsk-kaal.dk\\\/de\\\/haendler\\\/\"]}]},{\"@type\":\"BreadcrumbList\",\"@id\":\"https:\\\/\\\/soenderjydsk-kaal.dk\\\/de\\\/haendler\\\/#breadcrumb\",\"itemListElement\":[{\"@type\":\"ListItem\",\"position\":1,\"name\":\"Forside\",\"item\":\"https:\\\/\\\/soenderjydsk-kaal.webserver6.dk\\\/de\\\/startseite\\\/\"},{\"@type\":\"ListItem\",\"position\":2,\"name\":\"H\u00e4ndler\"}]},{\"@type\":\"WebSite\",\"@id\":\"https:\\\/\\\/soenderjydsk-kaal.dk\\\/de\\\/#website\",\"url\":\"https:\\\/\\\/soenderjydsk-kaal.dk\\\/de\\\/\",\"name\":\"S\u00f8nderjydsk K\u00e5l ApS\",\"description\":\"Firmaet med stolte s\u00f8nderjydske traditioner\",\"publisher\":{\"@id\":\"https:\\\/\\\/soenderjydsk-kaal.dk\\\/de\\\/#organization\"},\"potentialAction\":[{\"@type\":\"SearchAction\",\"target\":{\"@type\":\"EntryPoint\",\"urlTemplate\":\"https:\\\/\\\/soenderjydsk-kaal.dk\\\/de\\\/?s={search_term_string}\"},\"query-input\":{\"@type\":\"PropertyValueSpecification\",\"valueRequired\":true,\"valueName\":\"search_term_string\"}}],\"inLanguage\":\"de\"},{\"@type\":\"Organization\",\"@id\":\"https:\\\/\\\/soenderjydsk-kaal.dk\\\/de\\\/#organization\",\"name\":\"S\u00f8nderjydsk K\u00e5l ApS\",\"url\":\"https:\\\/\\\/soenderjydsk-kaal.dk\\\/de\\\/\",\"logo\":{\"@type\":\"ImageObject\",\"inLanguage\":\"de\",\"@id\":\"https:\\\/\\\/soenderjydsk-kaal.dk\\\/de\\\/#\\\/schema\\\/logo\\\/image\\\/\",\"url\":\"https:\\\/\\\/soenderjydsk-kaal.dk\\\/wp-content\\\/uploads\\\/2026\\\/01\\\/logo.png\",\"contentUrl\":\"https:\\\/\\\/soenderjydsk-kaal.dk\\\/wp-content\\\/uploads\\\/2026\\\/01\\\/logo.png\",\"width\":179,\"height\":72,\"caption\":\"S\u00f8nderjydsk K\u00e5l ApS\"},\"image\":{\"@id\":\"https:\\\/\\\/soenderjydsk-kaal.dk\\\/de\\\/#\\\/schema\\\/logo\\\/image\\\/\"}}]}<\/script>\n<!-- \/ Yoast SEO plugin. -->","yoast_head_json":{"title":"Einzelh\u00e4ndler \u2013 Hier finden Sie Produkte von S\u00f8nderjydsk K\u00e5l.","description":"Einzelh\u00e4ndler \u2013 Hier finden Sie Produkte von S\u00f8nderjydsk K\u00e5l.","robots":{"index":"index","follow":"follow","max-snippet":"max-snippet:-1","max-image-preview":"max-image-preview:large","max-video-preview":"max-video-preview:-1"},"canonical":"https:\/\/soenderjydsk-kaal.dk\/de\/haendler\/","og_locale":"de_DE","og_type":"article","og_title":"Einzelh\u00e4ndler \u2013 Hier finden Sie Produkte von S\u00f8nderjydsk K\u00e5l.","og_description":"Einzelh\u00e4ndler \u2013 Hier finden Sie Produkte von S\u00f8nderjydsk K\u00e5l.","og_url":"https:\/\/soenderjydsk-kaal.dk\/de\/haendler\/","og_site_name":"S\u00f8nderjydsk K\u00e5l ApS","article_modified_time":"2026-03-13T08:53:25+00:00","twitter_card":"summary_large_image","twitter_misc":{"Gesch\u00e4tzte Lesezeit":"1\u00a0Minute"},"schema":{"@context":"https:\/\/schema.org","@graph":[{"@type":"WebPage","@id":"https:\/\/soenderjydsk-kaal.dk\/de\/haendler\/","url":"https:\/\/soenderjydsk-kaal.dk\/de\/haendler\/","name":"Einzelh\u00e4ndler \u2013 Hier finden Sie Produkte von S\u00f8nderjydsk K\u00e5l.","isPartOf":{"@id":"https:\/\/soenderjydsk-kaal.dk\/de\/#website"},"datePublished":"2026-01-23T11:19:36+00:00","dateModified":"2026-03-13T08:53:25+00:00","description":"Einzelh\u00e4ndler \u2013 Hier finden Sie Produkte von S\u00f8nderjydsk K\u00e5l.","breadcrumb":{"@id":"https:\/\/soenderjydsk-kaal.dk\/de\/haendler\/#breadcrumb"},"inLanguage":"de","potentialAction":[{"@type":"ReadAction","target":["https:\/\/soenderjydsk-kaal.dk\/de\/haendler\/"]}]},{"@type":"BreadcrumbList","@id":"https:\/\/soenderjydsk-kaal.dk\/de\/haendler\/#breadcrumb","itemListElement":[{"@type":"ListItem","position":1,"name":"Forside","item":"https:\/\/soenderjydsk-kaal.webserver6.dk\/de\/startseite\/"},{"@type":"ListItem","position":2,"name":"H\u00e4ndler"}]},{"@type":"WebSite","@id":"https:\/\/soenderjydsk-kaal.dk\/de\/#website","url":"https:\/\/soenderjydsk-kaal.dk\/de\/","name":"S\u00f8nderjydsk K\u00e5l ApS","description":"Firmaet med stolte s\u00f8nderjydske traditioner","publisher":{"@id":"https:\/\/soenderjydsk-kaal.dk\/de\/#organization"},"potentialAction":[{"@type":"SearchAction","target":{"@type":"EntryPoint","urlTemplate":"https:\/\/soenderjydsk-kaal.dk\/de\/?s={search_term_string}"},"query-input":{"@type":"PropertyValueSpecification","valueRequired":true,"valueName":"search_term_string"}}],"inLanguage":"de"},{"@type":"Organization","@id":"https:\/\/soenderjydsk-kaal.dk\/de\/#organization","name":"S\u00f8nderjydsk K\u00e5l ApS","url":"https:\/\/soenderjydsk-kaal.dk\/de\/","logo":{"@type":"ImageObject","inLanguage":"de","@id":"https:\/\/soenderjydsk-kaal.dk\/de\/#\/schema\/logo\/image\/","url":"https:\/\/soenderjydsk-kaal.dk\/wp-content\/uploads\/2026\/01\/logo.png","contentUrl":"https:\/\/soenderjydsk-kaal.dk\/wp-content\/uploads\/2026\/01\/logo.png","width":179,"height":72,"caption":"S\u00f8nderjydsk K\u00e5l ApS"},"image":{"@id":"https:\/\/soenderjydsk-kaal.dk\/de\/#\/schema\/logo\/image\/"}}]}},"_links":{"self":[{"href":"https:\/\/soenderjydsk-kaal.dk\/de\/wp-json\/wp\/v2\/pages\/11018","targetHints":{"allow":["GET"]}}],"collection":[{"href":"https:\/\/soenderjydsk-kaal.dk\/de\/wp-json\/wp\/v2\/pages"}],"about":[{"href":"https:\/\/soenderjydsk-kaal.dk\/de\/wp-json\/wp\/v2\/types\/page"}],"author":[{"embeddable":true,"href":"https:\/\/soenderjydsk-kaal.dk\/de\/wp-json\/wp\/v2\/users\/1"}],"replies":[{"embeddable":true,"href":"https:\/\/soenderjydsk-kaal.dk\/de\/wp-json\/wp\/v2\/comments?post=11018"}],"version-history":[{"count":3,"href":"https:\/\/soenderjydsk-kaal.dk\/de\/wp-json\/wp\/v2\/pages\/11018\/revisions"}],"predecessor-version":[{"id":11196,"href":"https:\/\/soenderjydsk-kaal.dk\/de\/wp-json\/wp\/v2\/pages\/11018\/revisions\/11196"}],"wp:attachment":[{"href":"https:\/\/soenderjydsk-kaal.dk\/de\/wp-json\/wp\/v2\/media?parent=11018"}],"wp:term":[{"taxonomy":"category","embeddable":true,"href":"https:\/\/soenderjydsk-kaal.dk\/de\/wp-json\/wp\/v2\/categories?post=11018"}],"curies":[{"name":"wp","href":"https:\/\/api.w.org\/{rel}","templated":true}]}}