{"id":11028,"date":"2026-01-23T12:19:20","date_gmt":"2026-01-23T11:19:20","guid":{"rendered":"https:\/\/soenderjydsk-kaal.webserver6.dk\/produkte\/tiefkuehlwaren-catering\/"},"modified":"2026-03-13T10:46:58","modified_gmt":"2026-03-13T09:46:58","slug":"tiefkuehlwaren-catering","status":"publish","type":"page","link":"https:\/\/soenderjydsk-kaal.dk\/de\/produkte\/tiefkuehlwaren-catering\/","title":{"rendered":"Tiefk\u00fchlkost \u2013 Catering"},"content":{"rendered":"\t\t<div data-elementor-type=\"wp-page\" data-elementor-id=\"11028\" class=\"elementor elementor-11028 elementor-10139\" data-elementor-post-type=\"page\">\n\t\t\t\t<div class=\"elementor-element elementor-element-0c8d4dd white e-flex e-con-boxed e-con e-parent\" data-id=\"0c8d4dd\" data-element_type=\"container\" data-settings=\"{&quot;background_background&quot;:&quot;classic&quot;}\">\n\t\t\t\t\t<div class=\"e-con-inner\">\n\t\t\t\t<div class=\"elementor-element elementor-element-5904771 elementor-widget elementor-widget-heading\" data-id=\"5904771\" data-element_type=\"widget\" data-widget_type=\"heading.default\">\n\t\t\t\t<div class=\"elementor-widget-container\">\n\t\t\t\t\t<h1 class=\"elementor-heading-title elementor-size-default\">Tiefk\u00fchlkost \u2013 Catering<\/h1>\t\t\t\t<\/div>\n\t\t\t\t<\/div>\n\t\t\t\t\t<\/div>\n\t\t\t\t<\/div>\n\t\t<div class=\"elementor-element elementor-element-bbe1629 e-flex e-con-boxed e-con e-parent\" data-id=\"bbe1629\" data-element_type=\"container\">\n\t\t\t\t\t<div class=\"e-con-inner\">\n\t\t\t\t<div class=\"elementor-element elementor-element-080eb50 elementor-widget elementor-widget-ucaddon_post_grid\" data-id=\"080eb50\" data-element_type=\"widget\" data-widget_type=\"ucaddon_post_grid.default\">\n\t\t\t\t<div class=\"elementor-widget-container\">\n\t\t\t\t\t\n<!-- start Post Grid -->\n\t\t<link id='font-awesome-css' href='https:\/\/soenderjydsk-kaal.dk\/wp-content\/plugins\/unlimited-elements-for-elementor-premium\/assets_libraries\/font-awesome6\/fontawesome-all.min.css' type='text\/css' rel='stylesheet' >\n\t\t<link id='font-awesome-4-shim-css' href='https:\/\/soenderjydsk-kaal.dk\/wp-content\/plugins\/unlimited-elements-for-elementor-premium\/assets_libraries\/font-awesome6\/fontawesome-v4-shims.min.css' type='text\/css' rel='stylesheet' >\n\n<style>\/* widget: Post Grid *\/\n\n\n\n#uc_post_grid_elementor_080eb50{\n  min-height: 1px;\n}\n\n#uc_post_grid_elementor_080eb50.uc_post_grid_style_one .uc_post_grid_style_one_wrap {\n   display:grid;\n}\n\n\n#uc_post_grid_elementor_080eb50 .uc_post_grid_style_one_item{\n  position:relative;\n}\n\n#uc_post_grid_elementor_080eb50 .uc_post_image{\n  transition:0.3s;\n  position:relative;\n  overflow:hidden;\n}\n\n#uc_post_grid_elementor_080eb50 .uc_post_image img{\n  width:100%;\n  display:block;\n  transition:0.3s;\n}\n\n\t\n\n#uc_post_grid_elementor_080eb50 .uc_post_image_overlay{\n  position:absolute;\n  top:0px;\n  left:0px;\n  height:100%;\n  width:100%;\n  transition:0.3s;\n}\n\n#uc_post_grid_elementor_080eb50 .uc_more_btn-custom-field{\n  display:inline-block;\n  text-align:center;\n  text-decoration:none;\n  transition:0.3s;\n}\n\n#uc_post_grid_elementor_080eb50 .uc_more_btn{\n  display:inline-block;\n  text-align:center;\n  text-decoration:none;\n  transition:0.3s;\n}\n\n.ue-grid-item-category a{\n  display:inline-block;\n  font-size:10px;\n  position: relative;\n  z-index: 1;\n}\n\n#uc_post_grid_elementor_080eb50 .ue-grid-item-posttype{\n  display:inline-block;\n  position: relative;\n  z-index: 1;\n}\n\n\n.uc_post_title{\n  font-size:21px;\n}\n\n\n#uc_post_grid_elementor_080eb50.uc_post_grid_style_one.ue-list-view .uc_content{\n flex-grow:1;\n}\n\n\n  #uc_post_grid_elementor_080eb50:not(.ue-list-view) .ue_post_grid_item{\n    display:flex;\n    flex-direction:column;\n  }\n  \n  #uc_post_grid_elementor_080eb50.uc_post_grid_style_one:not(.ue-list-view) .uc_content{\n   flex-grow:1;\n  }\n\n  #uc_post_grid_elementor_080eb50.uc_post_grid_style_one .uc_content > div{\n    height:100%;\n    display:flex;\n    flex-direction:column;\n      }\n\n  \n\n\n\n\n\n\n\n\n\n\n\n\n\/*  for grid\/list layout switcher*\/\n\t#uc_post_grid_elementor_080eb50.ue-list-view .uc_post_grid_style_one_item {\n     display:flex;  \n     flex-direction:row;\n    }\n    #uc_post_grid_elementor_080eb50.ue-list-view .uc_post_grid_style_one_item > div{\n     width:50%;\n    }\n   \n    #uc_post_grid_elementor_080eb50.ue-list-view .uc_content    {\n      display:flex;\n      flex-direction:column;\n      justify-content:center;\n    }\n \n\/*  for grid\/list layout switcher*\/\n\n#uc_post_grid_elementor_080eb50 .ue-meta-data{  \n  display:flex !important;\n  flex-wrap: wrap;\n  line-height:1em;\n}\n\n#uc_post_grid_elementor_080eb50 .ue-grid-item-meta-data{\n  display:inline-flex;\n  align-items:center;\n}\n\n#uc_post_grid_elementor_080eb50 .ue-grid-item-meta-data a{\n  color:inherit;\n}\n\n.ue-grid-item-meta-data{\n  font-size:12px;\n}\n\n#uc_post_grid_elementor_080eb50 .ue-grid-item-meta-data-icon{\n  line-height:1em;\n}\n\n#uc_post_grid_elementor_080eb50 .ue-grid-item-meta-data-icon svg{\n  width:1em;\n  height:1em;\n}\n\n#uc_post_grid_elementor_080eb50 .ue-debug-meta{\n  padding:10px;\n  border:1px solid red;\n  position:relative;\n  line-height:1.5em;\n  font-size:11px;\n  width:100%;\n}\n\n#uc_post_grid_elementor_080eb50 .uc_btn_inner{\n  display:inline-flex;\n  align-items:center;\n  pointer-events:none;\n}\n\n#uc_post_grid_elementor_080eb50 .uc_btn_inner svg{\n  width:1em;\n  height:1em;\n}\n#uc_post_grid_elementor_080eb50 .ue_p_title{\n  pointer-events:none;\n}\n  #uc_post_grid_elementor_080eb50 .ue_post_full_link{\n    position:absolute;\n    width:100%;\n    height:100%;\n    top:0;\n    left:0;\n    z-index: 10;\n  }\n\n\n#uc_post_grid_elementor_080eb50 .uc_content_inner{\n  width: 100%;\n}\n\n\n#uc_post_grid_elementor_080eb50 .view-switcher-button{\n  display: flex;\n  align-items: center;\n}\n\n#uc_post_grid_elementor_080eb50 .view-switcher-icon{\n  display: flex;\n  align-items: center;\n  line-height: 1;\n  cursor: pointer;\n  transition: all .3s ease;\n}\n\n#uc_post_grid_elementor_080eb50 .view-switcher-icon svg{\n  height:1em;\n  width:1em;\n}\n\n#uc_post_grid_elementor_080eb50 .view-switcher-icon.ue-hidden{\n  display: none;\n}\n\n\n#uc_post_grid_elementor_080eb50_item1 [href=\"javascript:void(0)\"]{\n  cursor: unset;\n}\n\n\n#uc_post_grid_elementor_080eb50_item2 [href=\"javascript:void(0)\"]{\n  cursor: unset;\n}\n\n\n#uc_post_grid_elementor_080eb50_item3 [href=\"javascript:void(0)\"]{\n  cursor: unset;\n}\n\n\n#uc_post_grid_elementor_080eb50_item4 [href=\"javascript:void(0)\"]{\n  cursor: unset;\n}\n\n\n#uc_post_grid_elementor_080eb50_item5 [href=\"javascript:void(0)\"]{\n  cursor: unset;\n}\n\n\n<\/style>\n\n<div id=\"uc_post_grid_elementor_080eb50\" class=\"uc_post_grid_style_one \"  >\n  \t\n  <div class=\"uc_post_grid_style_one_wrap ue_post_grid uc-items-wrapper ue-woo-grid\">\n    \n\n\n\n\n<div id=\"uc_post_grid_elementor_080eb50_item1\" class=\"uc_post_grid_style_one_item ue_post_grid_item ue-item \">\n  \n      <a class=\"uc_post_grid_style_one_image \" href='https:\/\/soenderjydsk-kaal.dk\/de\/produkt\/1201-bio-gruenkohl-gekocht-und-gehackt-1-kg\/' target=\"_self\">\n     <div class=\"uc_post_image\">\n       <img fetchpriority=\"high\" decoding=\"async\" src=\"https:\/\/soenderjydsk-kaal.dk\/wp-content\/uploads\/2026\/01\/csm_groenkaal_1000g_6df6e86b36.jpg\"  src=\"https:\/\/soenderjydsk-kaal.dk\/wp-content\/uploads\/2026\/01\/csm_groenkaal_1000g_6df6e86b36.jpg\" alt=\"csm_groenkaal_1000g_6df6e86b36\" width=\"241\" height=\"306\">\n       <div class=\"uc_post_image_overlay\"><\/div>\n     <\/div>\n    <\/a>\n   \n  <div class=\"uc_content\">\n    <div class=\"uc_content_inner\">\n      <div class=\"uc_content-info-wrapper\" >\n                \n                            \n        <div class=\"uc_post_title\"><a class=\"\" href='https:\/\/soenderjydsk-kaal.dk\/de\/produkt\/1201-bio-gruenkohl-gekocht-und-gehackt-1-kg\/' target=\"_self\"><h4 class=\"ue_p_title\">1201 Bio-Gr\u00fcnkohl, gekocht und gehackt \/ 1 kg.<\/h4><\/a><\/div>\t\n                 \n          <div class=\"ue-meta-data\">\n            \n                \t    \n                \n        \n\t\n                \n                \n                \n                \n    \t\t\t\n      \n            \n  <\/div>\t\n        \t<div class=\"uc_post_text\"><\/div>\n     \n                   \n                         \n                                              \n      <\/div>                      \n                            \n \t<\/div>  <\/div>      \n  <a class=\"ue_post_full_link \" href='https:\/\/soenderjydsk-kaal.dk\/de\/produkt\/1201-bio-gruenkohl-gekocht-und-gehackt-1-kg\/' target=\"_self\"><\/a>      \n<\/div>\n\n\n\n\n\n<div id=\"uc_post_grid_elementor_080eb50_item2\" class=\"uc_post_grid_style_one_item ue_post_grid_item ue-item \">\n  \n      <a class=\"uc_post_grid_style_one_image \" href='https:\/\/soenderjydsk-kaal.dk\/de\/produkt\/301-weisskohl-gekocht-und-gehackt-1-kg\/' target=\"_self\">\n     <div class=\"uc_post_image\">\n       <img decoding=\"async\" src=\"https:\/\/soenderjydsk-kaal.dk\/wp-content\/uploads\/2026\/01\/csm_oekologisk_hvidkaal_1000g_1d39ae0258.jpg\"  src=\"https:\/\/soenderjydsk-kaal.dk\/wp-content\/uploads\/2026\/01\/csm_oekologisk_hvidkaal_1000g_1d39ae0258.jpg\" alt=\"csm_oekologisk_hvidkaal_1000g_1d39ae0258\" width=\"555\" height=\"728\">\n       <div class=\"uc_post_image_overlay\"><\/div>\n     <\/div>\n    <\/a>\n   \n  <div class=\"uc_content\">\n    <div class=\"uc_content_inner\">\n      <div class=\"uc_content-info-wrapper\" >\n                \n                            \n        <div class=\"uc_post_title\"><a class=\"\" href='https:\/\/soenderjydsk-kaal.dk\/de\/produkt\/301-weisskohl-gekocht-und-gehackt-1-kg\/' target=\"_self\"><h4 class=\"ue_p_title\">301 Wei\u00dfkohl, gekocht und gehackt \/ 1 kg.<\/h4><\/a><\/div>\t\n                 \n          <div class=\"ue-meta-data\">\n            \n                \t    \n                \n        \n\t\n                \n                \n                \n                \n    \t\t\t\n      \n            \n  <\/div>\t\n        \t<div class=\"uc_post_text\"><\/div>\n     \n                   \n                         \n                                              \n      <\/div>                      \n                            \n \t<\/div>  <\/div>      \n  <a class=\"ue_post_full_link \" href='https:\/\/soenderjydsk-kaal.dk\/de\/produkt\/301-weisskohl-gekocht-und-gehackt-1-kg\/' target=\"_self\"><\/a>      \n<\/div>\n\n\n\n\n\n<div id=\"uc_post_grid_elementor_080eb50_item3\" class=\"uc_post_grid_style_one_item ue_post_grid_item ue-item \">\n  \n      <a class=\"uc_post_grid_style_one_image \" href='https:\/\/soenderjydsk-kaal.dk\/de\/produkt\/1301-bio-weisskohl-gekocht-und-gehackt-1-kg\/' target=\"_self\">\n     <div class=\"uc_post_image\">\n       <img decoding=\"async\" src=\"https:\/\/soenderjydsk-kaal.dk\/wp-content\/uploads\/2026\/01\/csm_oekologisk_hvidkaal_1000g_1d39ae0258.jpg\"  src=\"https:\/\/soenderjydsk-kaal.dk\/wp-content\/uploads\/2026\/01\/csm_oekologisk_hvidkaal_1000g_1d39ae0258.jpg\" alt=\"csm_oekologisk_hvidkaal_1000g_1d39ae0258\" width=\"555\" height=\"728\">\n       <div class=\"uc_post_image_overlay\"><\/div>\n     <\/div>\n    <\/a>\n   \n  <div class=\"uc_content\">\n    <div class=\"uc_content_inner\">\n      <div class=\"uc_content-info-wrapper\" >\n                \n                            \n        <div class=\"uc_post_title\"><a class=\"\" href='https:\/\/soenderjydsk-kaal.dk\/de\/produkt\/1301-bio-weisskohl-gekocht-und-gehackt-1-kg\/' target=\"_self\"><h4 class=\"ue_p_title\">1301 Bio-Wei\u00dfkohl, gekocht und gehackt \/ 1 kg.<\/h4><\/a><\/div>\t\n                 \n          <div class=\"ue-meta-data\">\n            \n                \t    \n                \n        \n\t\n                \n                \n                \n                \n    \t\t\t\n      \n            \n  <\/div>\t\n        \t<div class=\"uc_post_text\"><\/div>\n     \n                   \n                         \n                                              \n      <\/div>                      \n                            \n \t<\/div>  <\/div>      \n  <a class=\"ue_post_full_link \" href='https:\/\/soenderjydsk-kaal.dk\/de\/produkt\/1301-bio-weisskohl-gekocht-und-gehackt-1-kg\/' target=\"_self\"><\/a>      \n<\/div>\n\n\n\n\n\n<div id=\"uc_post_grid_elementor_080eb50_item4\" class=\"uc_post_grid_style_one_item ue_post_grid_item ue-item \">\n  \n      <a class=\"uc_post_grid_style_one_image \" href='https:\/\/soenderjydsk-kaal.dk\/de\/produkt\/702-weisskohl-gekocht-und-gehackt-eimer-5-kg\/' target=\"_self\">\n     <div class=\"uc_post_image\">\n       <img decoding=\"async\" src=\"https:\/\/soenderjydsk-kaal.dk\/wp-content\/uploads\/2026\/01\/csm_kogt-hakket-hvidkaal-5kg-spand_db7b30b9ba.jpg\"  src=\"https:\/\/soenderjydsk-kaal.dk\/wp-content\/uploads\/2026\/01\/csm_kogt-hakket-hvidkaal-5kg-spand_db7b30b9ba.jpg\" alt=\"csm_kogt-hakket-hvidkaal-5kg-spand_db7b30b9ba\" width=\"555\" height=\"694\">\n       <div class=\"uc_post_image_overlay\"><\/div>\n     <\/div>\n    <\/a>\n   \n  <div class=\"uc_content\">\n    <div class=\"uc_content_inner\">\n      <div class=\"uc_content-info-wrapper\" >\n                \n                            \n        <div class=\"uc_post_title\"><a class=\"\" href='https:\/\/soenderjydsk-kaal.dk\/de\/produkt\/702-weisskohl-gekocht-und-gehackt-eimer-5-kg\/' target=\"_self\"><h4 class=\"ue_p_title\">702 Wei\u00dfkohl, gekocht und gehackt \/ Eimer 5 kg.<\/h4><\/a><\/div>\t\n                 \n          <div class=\"ue-meta-data\">\n            \n                \t    \n                \n        \n\t\n                \n                \n                \n                \n    \t\t\t\n      \n            \n  <\/div>\t\n        \t<div class=\"uc_post_text\"><\/div>\n     \n                   \n                         \n                                              \n      <\/div>                      \n                            \n \t<\/div>  <\/div>      \n  <a class=\"ue_post_full_link \" href='https:\/\/soenderjydsk-kaal.dk\/de\/produkt\/702-weisskohl-gekocht-und-gehackt-eimer-5-kg\/' target=\"_self\"><\/a>      \n<\/div>\n\n\n\n\n\n<div id=\"uc_post_grid_elementor_080eb50_item5\" class=\"uc_post_grid_style_one_item ue_post_grid_item ue-item \">\n  \n      <a class=\"uc_post_grid_style_one_image \" href='https:\/\/soenderjydsk-kaal.dk\/de\/produkt\/703-bio-weisskohl-gekocht-und-gehackt-eimer-5-kg\/' target=\"_self\">\n     <div class=\"uc_post_image\">\n       <img decoding=\"async\" src=\"https:\/\/soenderjydsk-kaal.dk\/wp-content\/uploads\/2026\/01\/csm_kogt-hakket-hvidkaal-5kg-spand_db7b30b9ba.jpg\"  src=\"https:\/\/soenderjydsk-kaal.dk\/wp-content\/uploads\/2026\/01\/csm_kogt-hakket-hvidkaal-5kg-spand_db7b30b9ba.jpg\" alt=\"csm_kogt-hakket-hvidkaal-5kg-spand_db7b30b9ba\" width=\"555\" height=\"694\">\n       <div class=\"uc_post_image_overlay\"><\/div>\n     <\/div>\n    <\/a>\n   \n  <div class=\"uc_content\">\n    <div class=\"uc_content_inner\">\n      <div class=\"uc_content-info-wrapper\" >\n                \n                            \n        <div class=\"uc_post_title\"><a class=\"\" href='https:\/\/soenderjydsk-kaal.dk\/de\/produkt\/703-bio-weisskohl-gekocht-und-gehackt-eimer-5-kg\/' target=\"_self\"><h4 class=\"ue_p_title\">703 Bio-Wei\u00dfkohl, gekocht und gehackt \/ Eimer 5 kg.<\/h4><\/a><\/div>\t\n                 \n          <div class=\"ue-meta-data\">\n            \n                \t    \n                \n        \n\t\n                \n                \n                \n                \n    \t\t\t\n      \n            \n  <\/div>\t\n        \t<div class=\"uc_post_text\"><\/div>\n     \n                   \n                         \n                                              \n      <\/div>                      \n                            \n \t<\/div>  <\/div>      \n  <a class=\"ue_post_full_link \" href='https:\/\/soenderjydsk-kaal.dk\/de\/produkt\/703-bio-weisskohl-gekocht-und-gehackt-eimer-5-kg\/' target=\"_self\"><\/a>      \n<\/div>\n\n  <\/div>\n<\/div>\n\n\n<!-- end Post Grid -->\t\t\t\t<\/div>\n\t\t\t\t<\/div>\n\t\t\t\t\t<\/div>\n\t\t\t\t<\/div>\n\t\t\t\t<\/div>\n\t\t","protected":false},"excerpt":{"rendered":"<p>Tiefk\u00fchlkost \u2013 Catering 1201 \u00d8kologisk gr\u00f8nk\u00e5l, kogt &#038; hakket \/ 1 kg. 301 Hvidk\u00e5l, kogt og hakket \/ 1 kg. 1301 \u00d8kologisk hvidk\u00e5l, kogt og hakket \/ 1 kg. 702 Hvidk\u00e5l, kogt og hakket \/ spand 5 kg. 703 \u00d8kologisk hvidk\u00e5l, kogt og hakket \/ spand 5 kg.<\/p>\n","protected":false},"author":1,"featured_media":0,"parent":11023,"menu_order":0,"comment_status":"closed","ping_status":"closed","template":"","meta":{"_acf_changed":false,"footnotes":""},"categories":[],"class_list":["post-11028","page","type-page","status-publish"],"acf":[],"yoast_head":"<!-- This site is optimized with the Yoast SEO plugin v27.5 - https:\/\/yoast.com\/product\/yoast-seo-wordpress\/ -->\n<title>Catering \u2013 Tiefgek\u00fchlte Qualit\u00e4tsprodukte von S\u00f8nderjydsk K\u00e5l<\/title>\n<meta name=\"description\" content=\"Catering \u2013 Tiefgek\u00fchlte Qualit\u00e4tsprodukte von S\u00f8nderjydsk K\u00e5l\" \/>\n<meta name=\"robots\" content=\"index, follow, max-snippet:-1, max-image-preview:large, max-video-preview:-1\" \/>\n<link rel=\"canonical\" href=\"https:\/\/soenderjydsk-kaal.dk\/de\/produkte\/tiefkuehlwaren-catering\/\" \/>\n<meta property=\"og:locale\" content=\"de_DE\" \/>\n<meta property=\"og:type\" content=\"article\" \/>\n<meta property=\"og:title\" content=\"Catering \u2013 Tiefgek\u00fchlte Qualit\u00e4tsprodukte von S\u00f8nderjydsk K\u00e5l\" \/>\n<meta property=\"og:description\" content=\"Catering \u2013 Tiefgek\u00fchlte Qualit\u00e4tsprodukte von S\u00f8nderjydsk K\u00e5l\" \/>\n<meta property=\"og:url\" content=\"https:\/\/soenderjydsk-kaal.dk\/de\/produkte\/tiefkuehlwaren-catering\/\" \/>\n<meta property=\"og:site_name\" content=\"S\u00f8nderjydsk K\u00e5l ApS\" \/>\n<meta property=\"article:modified_time\" content=\"2026-03-13T09:46:58+00:00\" \/>\n<meta property=\"og:image\" content=\"https:\/\/soenderjydsk-kaal.webserver6.dk\/wp-content\/uploads\/2026\/01\/csm_groenkaal_1000g_6df6e86b36.jpg\" \/>\n<meta name=\"twitter:card\" content=\"summary_large_image\" \/>\n<script type=\"application\/ld+json\" class=\"yoast-schema-graph\">{\"@context\":\"https:\\\/\\\/schema.org\",\"@graph\":[{\"@type\":\"WebPage\",\"@id\":\"https:\\\/\\\/soenderjydsk-kaal.dk\\\/de\\\/produkte\\\/tiefkuehlwaren-catering\\\/\",\"url\":\"https:\\\/\\\/soenderjydsk-kaal.dk\\\/de\\\/produkte\\\/tiefkuehlwaren-catering\\\/\",\"name\":\"Catering \u2013 Tiefgek\u00fchlte Qualit\u00e4tsprodukte von S\u00f8nderjydsk K\u00e5l\",\"isPartOf\":{\"@id\":\"https:\\\/\\\/soenderjydsk-kaal.dk\\\/de\\\/#website\"},\"primaryImageOfPage\":{\"@id\":\"https:\\\/\\\/soenderjydsk-kaal.dk\\\/de\\\/produkte\\\/tiefkuehlwaren-catering\\\/#primaryimage\"},\"image\":{\"@id\":\"https:\\\/\\\/soenderjydsk-kaal.dk\\\/de\\\/produkte\\\/tiefkuehlwaren-catering\\\/#primaryimage\"},\"thumbnailUrl\":\"https:\\\/\\\/soenderjydsk-kaal.webserver6.dk\\\/wp-content\\\/uploads\\\/2026\\\/01\\\/csm_groenkaal_1000g_6df6e86b36.jpg\",\"datePublished\":\"2026-01-23T11:19:20+00:00\",\"dateModified\":\"2026-03-13T09:46:58+00:00\",\"description\":\"Catering \u2013 Tiefgek\u00fchlte Qualit\u00e4tsprodukte von S\u00f8nderjydsk K\u00e5l\",\"breadcrumb\":{\"@id\":\"https:\\\/\\\/soenderjydsk-kaal.dk\\\/de\\\/produkte\\\/tiefkuehlwaren-catering\\\/#breadcrumb\"},\"inLanguage\":\"de\",\"potentialAction\":[{\"@type\":\"ReadAction\",\"target\":[\"https:\\\/\\\/soenderjydsk-kaal.dk\\\/de\\\/produkte\\\/tiefkuehlwaren-catering\\\/\"]}]},{\"@type\":\"ImageObject\",\"inLanguage\":\"de\",\"@id\":\"https:\\\/\\\/soenderjydsk-kaal.dk\\\/de\\\/produkte\\\/tiefkuehlwaren-catering\\\/#primaryimage\",\"url\":\"https:\\\/\\\/soenderjydsk-kaal.webserver6.dk\\\/wp-content\\\/uploads\\\/2026\\\/01\\\/csm_groenkaal_1000g_6df6e86b36.jpg\",\"contentUrl\":\"https:\\\/\\\/soenderjydsk-kaal.webserver6.dk\\\/wp-content\\\/uploads\\\/2026\\\/01\\\/csm_groenkaal_1000g_6df6e86b36.jpg\"},{\"@type\":\"BreadcrumbList\",\"@id\":\"https:\\\/\\\/soenderjydsk-kaal.dk\\\/de\\\/produkte\\\/tiefkuehlwaren-catering\\\/#breadcrumb\",\"itemListElement\":[{\"@type\":\"ListItem\",\"position\":1,\"name\":\"Forside\",\"item\":\"https:\\\/\\\/soenderjydsk-kaal.webserver6.dk\\\/de\\\/startseite\\\/\"},{\"@type\":\"ListItem\",\"position\":2,\"name\":\"Produkte\",\"item\":\"https:\\\/\\\/soenderjydsk-kaal.webserver6.dk\\\/de\\\/produkte\\\/\"},{\"@type\":\"ListItem\",\"position\":3,\"name\":\"Tiefk\u00fchlkost \u2013 Catering\"}]},{\"@type\":\"WebSite\",\"@id\":\"https:\\\/\\\/soenderjydsk-kaal.dk\\\/de\\\/#website\",\"url\":\"https:\\\/\\\/soenderjydsk-kaal.dk\\\/de\\\/\",\"name\":\"S\u00f8nderjydsk K\u00e5l ApS\",\"description\":\"Firmaet med stolte s\u00f8nderjydske traditioner\",\"publisher\":{\"@id\":\"https:\\\/\\\/soenderjydsk-kaal.dk\\\/de\\\/#organization\"},\"potentialAction\":[{\"@type\":\"SearchAction\",\"target\":{\"@type\":\"EntryPoint\",\"urlTemplate\":\"https:\\\/\\\/soenderjydsk-kaal.dk\\\/de\\\/?s={search_term_string}\"},\"query-input\":{\"@type\":\"PropertyValueSpecification\",\"valueRequired\":true,\"valueName\":\"search_term_string\"}}],\"inLanguage\":\"de\"},{\"@type\":\"Organization\",\"@id\":\"https:\\\/\\\/soenderjydsk-kaal.dk\\\/de\\\/#organization\",\"name\":\"S\u00f8nderjydsk K\u00e5l ApS\",\"url\":\"https:\\\/\\\/soenderjydsk-kaal.dk\\\/de\\\/\",\"logo\":{\"@type\":\"ImageObject\",\"inLanguage\":\"de\",\"@id\":\"https:\\\/\\\/soenderjydsk-kaal.dk\\\/de\\\/#\\\/schema\\\/logo\\\/image\\\/\",\"url\":\"https:\\\/\\\/soenderjydsk-kaal.dk\\\/wp-content\\\/uploads\\\/2026\\\/01\\\/logo.png\",\"contentUrl\":\"https:\\\/\\\/soenderjydsk-kaal.dk\\\/wp-content\\\/uploads\\\/2026\\\/01\\\/logo.png\",\"width\":179,\"height\":72,\"caption\":\"S\u00f8nderjydsk K\u00e5l ApS\"},\"image\":{\"@id\":\"https:\\\/\\\/soenderjydsk-kaal.dk\\\/de\\\/#\\\/schema\\\/logo\\\/image\\\/\"}}]}<\/script>\n<!-- \/ Yoast SEO plugin. -->","yoast_head_json":{"title":"Catering \u2013 Tiefgek\u00fchlte Qualit\u00e4tsprodukte von S\u00f8nderjydsk K\u00e5l","description":"Catering \u2013 Tiefgek\u00fchlte Qualit\u00e4tsprodukte von S\u00f8nderjydsk K\u00e5l","robots":{"index":"index","follow":"follow","max-snippet":"max-snippet:-1","max-image-preview":"max-image-preview:large","max-video-preview":"max-video-preview:-1"},"canonical":"https:\/\/soenderjydsk-kaal.dk\/de\/produkte\/tiefkuehlwaren-catering\/","og_locale":"de_DE","og_type":"article","og_title":"Catering \u2013 Tiefgek\u00fchlte Qualit\u00e4tsprodukte von S\u00f8nderjydsk K\u00e5l","og_description":"Catering \u2013 Tiefgek\u00fchlte Qualit\u00e4tsprodukte von S\u00f8nderjydsk K\u00e5l","og_url":"https:\/\/soenderjydsk-kaal.dk\/de\/produkte\/tiefkuehlwaren-catering\/","og_site_name":"S\u00f8nderjydsk K\u00e5l ApS","article_modified_time":"2026-03-13T09:46:58+00:00","og_image":[{"url":"https:\/\/soenderjydsk-kaal.webserver6.dk\/wp-content\/uploads\/2026\/01\/csm_groenkaal_1000g_6df6e86b36.jpg","type":"","width":"","height":""}],"twitter_card":"summary_large_image","schema":{"@context":"https:\/\/schema.org","@graph":[{"@type":"WebPage","@id":"https:\/\/soenderjydsk-kaal.dk\/de\/produkte\/tiefkuehlwaren-catering\/","url":"https:\/\/soenderjydsk-kaal.dk\/de\/produkte\/tiefkuehlwaren-catering\/","name":"Catering \u2013 Tiefgek\u00fchlte Qualit\u00e4tsprodukte von S\u00f8nderjydsk K\u00e5l","isPartOf":{"@id":"https:\/\/soenderjydsk-kaal.dk\/de\/#website"},"primaryImageOfPage":{"@id":"https:\/\/soenderjydsk-kaal.dk\/de\/produkte\/tiefkuehlwaren-catering\/#primaryimage"},"image":{"@id":"https:\/\/soenderjydsk-kaal.dk\/de\/produkte\/tiefkuehlwaren-catering\/#primaryimage"},"thumbnailUrl":"https:\/\/soenderjydsk-kaal.webserver6.dk\/wp-content\/uploads\/2026\/01\/csm_groenkaal_1000g_6df6e86b36.jpg","datePublished":"2026-01-23T11:19:20+00:00","dateModified":"2026-03-13T09:46:58+00:00","description":"Catering \u2013 Tiefgek\u00fchlte Qualit\u00e4tsprodukte von S\u00f8nderjydsk K\u00e5l","breadcrumb":{"@id":"https:\/\/soenderjydsk-kaal.dk\/de\/produkte\/tiefkuehlwaren-catering\/#breadcrumb"},"inLanguage":"de","potentialAction":[{"@type":"ReadAction","target":["https:\/\/soenderjydsk-kaal.dk\/de\/produkte\/tiefkuehlwaren-catering\/"]}]},{"@type":"ImageObject","inLanguage":"de","@id":"https:\/\/soenderjydsk-kaal.dk\/de\/produkte\/tiefkuehlwaren-catering\/#primaryimage","url":"https:\/\/soenderjydsk-kaal.webserver6.dk\/wp-content\/uploads\/2026\/01\/csm_groenkaal_1000g_6df6e86b36.jpg","contentUrl":"https:\/\/soenderjydsk-kaal.webserver6.dk\/wp-content\/uploads\/2026\/01\/csm_groenkaal_1000g_6df6e86b36.jpg"},{"@type":"BreadcrumbList","@id":"https:\/\/soenderjydsk-kaal.dk\/de\/produkte\/tiefkuehlwaren-catering\/#breadcrumb","itemListElement":[{"@type":"ListItem","position":1,"name":"Forside","item":"https:\/\/soenderjydsk-kaal.webserver6.dk\/de\/startseite\/"},{"@type":"ListItem","position":2,"name":"Produkte","item":"https:\/\/soenderjydsk-kaal.webserver6.dk\/de\/produkte\/"},{"@type":"ListItem","position":3,"name":"Tiefk\u00fchlkost \u2013 Catering"}]},{"@type":"WebSite","@id":"https:\/\/soenderjydsk-kaal.dk\/de\/#website","url":"https:\/\/soenderjydsk-kaal.dk\/de\/","name":"S\u00f8nderjydsk K\u00e5l ApS","description":"Firmaet med stolte s\u00f8nderjydske traditioner","publisher":{"@id":"https:\/\/soenderjydsk-kaal.dk\/de\/#organization"},"potentialAction":[{"@type":"SearchAction","target":{"@type":"EntryPoint","urlTemplate":"https:\/\/soenderjydsk-kaal.dk\/de\/?s={search_term_string}"},"query-input":{"@type":"PropertyValueSpecification","valueRequired":true,"valueName":"search_term_string"}}],"inLanguage":"de"},{"@type":"Organization","@id":"https:\/\/soenderjydsk-kaal.dk\/de\/#organization","name":"S\u00f8nderjydsk K\u00e5l ApS","url":"https:\/\/soenderjydsk-kaal.dk\/de\/","logo":{"@type":"ImageObject","inLanguage":"de","@id":"https:\/\/soenderjydsk-kaal.dk\/de\/#\/schema\/logo\/image\/","url":"https:\/\/soenderjydsk-kaal.dk\/wp-content\/uploads\/2026\/01\/logo.png","contentUrl":"https:\/\/soenderjydsk-kaal.dk\/wp-content\/uploads\/2026\/01\/logo.png","width":179,"height":72,"caption":"S\u00f8nderjydsk K\u00e5l ApS"},"image":{"@id":"https:\/\/soenderjydsk-kaal.dk\/de\/#\/schema\/logo\/image\/"}}]}},"_links":{"self":[{"href":"https:\/\/soenderjydsk-kaal.dk\/de\/wp-json\/wp\/v2\/pages\/11028","targetHints":{"allow":["GET"]}}],"collection":[{"href":"https:\/\/soenderjydsk-kaal.dk\/de\/wp-json\/wp\/v2\/pages"}],"about":[{"href":"https:\/\/soenderjydsk-kaal.dk\/de\/wp-json\/wp\/v2\/types\/page"}],"author":[{"embeddable":true,"href":"https:\/\/soenderjydsk-kaal.dk\/de\/wp-json\/wp\/v2\/users\/1"}],"replies":[{"embeddable":true,"href":"https:\/\/soenderjydsk-kaal.dk\/de\/wp-json\/wp\/v2\/comments?post=11028"}],"version-history":[{"count":8,"href":"https:\/\/soenderjydsk-kaal.dk\/de\/wp-json\/wp\/v2\/pages\/11028\/revisions"}],"predecessor-version":[{"id":11286,"href":"https:\/\/soenderjydsk-kaal.dk\/de\/wp-json\/wp\/v2\/pages\/11028\/revisions\/11286"}],"up":[{"embeddable":true,"href":"https:\/\/soenderjydsk-kaal.dk\/de\/wp-json\/wp\/v2\/pages\/11023"}],"wp:attachment":[{"href":"https:\/\/soenderjydsk-kaal.dk\/de\/wp-json\/wp\/v2\/media?parent=11028"}],"wp:term":[{"taxonomy":"category","embeddable":true,"href":"https:\/\/soenderjydsk-kaal.dk\/de\/wp-json\/wp\/v2\/categories?post=11028"}],"curies":[{"name":"wp","href":"https:\/\/api.w.org\/{rel}","templated":true}]}}