{"id":11037,"date":"2026-01-23T12:19:11","date_gmt":"2026-01-23T11:19:11","guid":{"rendered":"https:\/\/soenderjydsk-kaal.webserver6.dk\/produkte\/kuehlwaren-einzelhandel\/"},"modified":"2026-03-13T09:51:59","modified_gmt":"2026-03-13T08:51:59","slug":"kuehlwaren-einzelhandel","status":"publish","type":"page","link":"https:\/\/soenderjydsk-kaal.dk\/de\/produkte\/kuehlwaren-einzelhandel\/","title":{"rendered":"K\u00fchlwaren &#8211; Einzelhandel"},"content":{"rendered":"\t\t<div data-elementor-type=\"wp-page\" data-elementor-id=\"11037\" class=\"elementor elementor-11037 elementor-10135\" data-elementor-post-type=\"page\">\n\t\t\t\t<div class=\"elementor-element elementor-element-0c8d4dd white e-flex e-con-boxed e-con e-parent\" data-id=\"0c8d4dd\" data-element_type=\"container\" data-settings=\"{&quot;background_background&quot;:&quot;classic&quot;}\">\n\t\t\t\t\t<div class=\"e-con-inner\">\n\t\t\t\t<div class=\"elementor-element elementor-element-5904771 elementor-widget elementor-widget-heading\" data-id=\"5904771\" data-element_type=\"widget\" data-widget_type=\"heading.default\">\n\t\t\t\t<div class=\"elementor-widget-container\">\n\t\t\t\t\t<h1 class=\"elementor-heading-title elementor-size-default\">K\u00fchlwaren - Einzelhandel<\/h1>\t\t\t\t<\/div>\n\t\t\t\t<\/div>\n\t\t\t\t\t<\/div>\n\t\t\t\t<\/div>\n\t\t<div class=\"elementor-element elementor-element-efea801 e-flex e-con-boxed e-con e-parent\" data-id=\"efea801\" data-element_type=\"container\">\n\t\t\t\t\t<div class=\"e-con-inner\">\n\t\t<div class=\"elementor-element elementor-element-5124832 e-con-full e-flex e-con e-child\" data-id=\"5124832\" data-element_type=\"container\">\n\t\t\t\t<div class=\"elementor-element elementor-element-fb40768 elementor-widget elementor-widget-ucaddon_post_grid\" data-id=\"fb40768\" data-element_type=\"widget\" data-widget_type=\"ucaddon_post_grid.default\">\n\t\t\t\t<div class=\"elementor-widget-container\">\n\t\t\t\t\t\n<!-- start Post Grid -->\n\t\t<link id='font-awesome-css' href='https:\/\/soenderjydsk-kaal.dk\/wp-content\/plugins\/unlimited-elements-for-elementor-premium\/assets_libraries\/font-awesome6\/fontawesome-all.min.css' type='text\/css' rel='stylesheet' >\n\t\t<link id='font-awesome-4-shim-css' href='https:\/\/soenderjydsk-kaal.dk\/wp-content\/plugins\/unlimited-elements-for-elementor-premium\/assets_libraries\/font-awesome6\/fontawesome-v4-shims.min.css' type='text\/css' rel='stylesheet' >\n\n<style>\/* widget: Post Grid *\/\n\n\n\n#uc_post_grid_elementor_fb40768{\n  min-height: 1px;\n}\n\n#uc_post_grid_elementor_fb40768.uc_post_grid_style_one .uc_post_grid_style_one_wrap {\n   display:grid;\n}\n\n\n#uc_post_grid_elementor_fb40768 .uc_post_grid_style_one_item{\n  position:relative;\n}\n\n#uc_post_grid_elementor_fb40768 .uc_post_image{\n  transition:0.3s;\n  position:relative;\n  overflow:hidden;\n}\n\n#uc_post_grid_elementor_fb40768 .uc_post_image img{\n  width:100%;\n  display:block;\n  transition:0.3s;\n}\n\n\t\n\n#uc_post_grid_elementor_fb40768 .uc_post_image_overlay{\n  position:absolute;\n  top:0px;\n  left:0px;\n  height:100%;\n  width:100%;\n  transition:0.3s;\n}\n\n#uc_post_grid_elementor_fb40768 .uc_more_btn-custom-field{\n  display:inline-block;\n  text-align:center;\n  text-decoration:none;\n  transition:0.3s;\n}\n\n#uc_post_grid_elementor_fb40768 .uc_more_btn{\n  display:inline-block;\n  text-align:center;\n  text-decoration:none;\n  transition:0.3s;\n}\n\n.ue-grid-item-category a{\n  display:inline-block;\n  font-size:10px;\n  position: relative;\n  z-index: 1;\n}\n\n#uc_post_grid_elementor_fb40768 .ue-grid-item-posttype{\n  display:inline-block;\n  position: relative;\n  z-index: 1;\n}\n\n\n.uc_post_title{\n  font-size:21px;\n}\n\n\n#uc_post_grid_elementor_fb40768.uc_post_grid_style_one.ue-list-view .uc_content{\n flex-grow:1;\n}\n\n\n  #uc_post_grid_elementor_fb40768:not(.ue-list-view) .ue_post_grid_item{\n    display:flex;\n    flex-direction:column;\n  }\n  \n  #uc_post_grid_elementor_fb40768.uc_post_grid_style_one:not(.ue-list-view) .uc_content{\n   flex-grow:1;\n  }\n\n  #uc_post_grid_elementor_fb40768.uc_post_grid_style_one .uc_content > div{\n    height:100%;\n    display:flex;\n    flex-direction:column;\n      }\n\n  \n\n\n\n\n\n\n\n\n\n\n\n\n\/*  for grid\/list layout switcher*\/\n\t#uc_post_grid_elementor_fb40768.ue-list-view .uc_post_grid_style_one_item {\n     display:flex;  \n     flex-direction:row;\n    }\n    #uc_post_grid_elementor_fb40768.ue-list-view .uc_post_grid_style_one_item > div{\n     width:50%;\n    }\n   \n    #uc_post_grid_elementor_fb40768.ue-list-view .uc_content    {\n      display:flex;\n      flex-direction:column;\n      justify-content:center;\n    }\n \n\/*  for grid\/list layout switcher*\/\n\n#uc_post_grid_elementor_fb40768 .ue-meta-data{  \n  display:flex !important;\n  flex-wrap: wrap;\n  line-height:1em;\n}\n\n#uc_post_grid_elementor_fb40768 .ue-grid-item-meta-data{\n  display:inline-flex;\n  align-items:center;\n}\n\n#uc_post_grid_elementor_fb40768 .ue-grid-item-meta-data a{\n  color:inherit;\n}\n\n.ue-grid-item-meta-data{\n  font-size:12px;\n}\n\n#uc_post_grid_elementor_fb40768 .ue-grid-item-meta-data-icon{\n  line-height:1em;\n}\n\n#uc_post_grid_elementor_fb40768 .ue-grid-item-meta-data-icon svg{\n  width:1em;\n  height:1em;\n}\n\n#uc_post_grid_elementor_fb40768 .ue-debug-meta{\n  padding:10px;\n  border:1px solid red;\n  position:relative;\n  line-height:1.5em;\n  font-size:11px;\n  width:100%;\n}\n\n#uc_post_grid_elementor_fb40768 .uc_btn_inner{\n  display:inline-flex;\n  align-items:center;\n  pointer-events:none;\n}\n\n#uc_post_grid_elementor_fb40768 .uc_btn_inner svg{\n  width:1em;\n  height:1em;\n}\n#uc_post_grid_elementor_fb40768 .ue_p_title{\n  pointer-events:none;\n}\n  #uc_post_grid_elementor_fb40768 .ue_post_full_link{\n    position:absolute;\n    width:100%;\n    height:100%;\n    top:0;\n    left:0;\n    z-index: 10;\n  }\n\n\n#uc_post_grid_elementor_fb40768 .uc_content_inner{\n  width: 100%;\n}\n\n\n#uc_post_grid_elementor_fb40768 .view-switcher-button{\n  display: flex;\n  align-items: center;\n}\n\n#uc_post_grid_elementor_fb40768 .view-switcher-icon{\n  display: flex;\n  align-items: center;\n  line-height: 1;\n  cursor: pointer;\n  transition: all .3s ease;\n}\n\n#uc_post_grid_elementor_fb40768 .view-switcher-icon svg{\n  height:1em;\n  width:1em;\n}\n\n#uc_post_grid_elementor_fb40768 .view-switcher-icon.ue-hidden{\n  display: none;\n}\n\n\n#uc_post_grid_elementor_fb40768_item1 [href=\"javascript:void(0)\"]{\n  cursor: unset;\n}\n\n\n<\/style>\n\n<div id=\"uc_post_grid_elementor_fb40768\" class=\"uc_post_grid_style_one \"  >\n  \t\n  <div class=\"uc_post_grid_style_one_wrap ue_post_grid uc-items-wrapper ue-woo-grid\">\n    \n\n\n\n\n<div id=\"uc_post_grid_elementor_fb40768_item1\" class=\"uc_post_grid_style_one_item ue_post_grid_item ue-item \">\n  \n      <a class=\"uc_post_grid_style_one_image \" href='https:\/\/soenderjydsk-kaal.dk\/de\/produkt\/gekochter-gehackter-weisskohl-aus-der-dose-700-g\/' target=\"_self\">\n     <div class=\"uc_post_image\">\n       <img fetchpriority=\"high\" decoding=\"async\" src=\"https:\/\/soenderjydsk-kaal.dk\/wp-content\/uploads\/2026\/01\/csm_konserveret-kogt-hakket-hvidkaal-700g_332bf68fbd.jpg\"  src=\"https:\/\/soenderjydsk-kaal.dk\/wp-content\/uploads\/2026\/01\/csm_konserveret-kogt-hakket-hvidkaal-700g_332bf68fbd.jpg\" alt=\"csm_konserveret-kogt-hakket-hvidkaal-700g_332bf68fbd\" width=\"555\" height=\"694\">\n       <div class=\"uc_post_image_overlay\"><\/div>\n     <\/div>\n    <\/a>\n   \n  <div class=\"uc_content\">\n    <div class=\"uc_content_inner\">\n      <div class=\"uc_content-info-wrapper\" >\n                \n                            \n        <div class=\"uc_post_title\"><a class=\"\" href='https:\/\/soenderjydsk-kaal.dk\/de\/produkt\/gekochter-gehackter-weisskohl-aus-der-dose-700-g\/' target=\"_self\"><h4 class=\"ue_p_title\">Gekochter, gehackter Wei\u00dfkohl aus der Dose, 700 g<\/h4><\/a><\/div>\t\n                 \n          <div class=\"ue-meta-data\">\n            \n                \t    \n                \n        \n\t\n                \n                \n                \n                \n    \t\t\t\n      \n            \n  <\/div>\t\n        \t<div class=\"uc_post_text\"><\/div>\n     \n                   \n                         \n                                              \n      <\/div>                      \n                            \n \t<\/div>  <\/div>      \n  <a class=\"ue_post_full_link \" href='https:\/\/soenderjydsk-kaal.dk\/de\/produkt\/gekochter-gehackter-weisskohl-aus-der-dose-700-g\/' target=\"_self\"><\/a>      \n<\/div>\n\n  <\/div>\n<\/div>\n\n\n<!-- end Post Grid -->\t\t\t\t<\/div>\n\t\t\t\t<\/div>\n\t\t\t\t<\/div>\n\t\t\t\t\t<\/div>\n\t\t\t\t<\/div>\n\t\t\t\t<\/div>\n\t\t","protected":false},"excerpt":{"rendered":"<p>K\u00fchlwaren &#8211; Einzelhandel Konserveret kogt, hakket hvidk\u00e5l, 700g<\/p>\n","protected":false},"author":1,"featured_media":0,"parent":11023,"menu_order":0,"comment_status":"closed","ping_status":"closed","template":"","meta":{"_acf_changed":false,"footnotes":""},"categories":[],"class_list":["post-11037","page","type-page","status-publish"],"acf":[],"yoast_head":"<!-- This site is optimized with the Yoast SEO plugin v27.2 - https:\/\/yoast.com\/product\/yoast-seo-wordpress\/ -->\n<title>Einzelhandel \u2013 K\u00fchlwaren, Qualit\u00e4tsware aus S\u00f8nderjydsk K\u00e5l<\/title>\n<meta name=\"description\" content=\"Einzelhandel \u2013 K\u00fchlwaren, Qualit\u00e4tsware aus S\u00f8nderjydsk K\u00e5l\" \/>\n<meta name=\"robots\" content=\"index, follow, max-snippet:-1, max-image-preview:large, max-video-preview:-1\" \/>\n<link rel=\"canonical\" href=\"https:\/\/soenderjydsk-kaal.dk\/de\/produkte\/kuehlwaren-einzelhandel\/\" \/>\n<meta property=\"og:locale\" content=\"de_DE\" \/>\n<meta property=\"og:type\" content=\"article\" \/>\n<meta property=\"og:title\" content=\"Einzelhandel \u2013 K\u00fchlwaren, Qualit\u00e4tsware aus S\u00f8nderjydsk K\u00e5l\" \/>\n<meta property=\"og:description\" content=\"Einzelhandel \u2013 K\u00fchlwaren, Qualit\u00e4tsware aus S\u00f8nderjydsk K\u00e5l\" \/>\n<meta property=\"og:url\" content=\"https:\/\/soenderjydsk-kaal.dk\/de\/produkte\/kuehlwaren-einzelhandel\/\" \/>\n<meta property=\"og:site_name\" content=\"S\u00f8nderjydsk K\u00e5l ApS\" \/>\n<meta property=\"article:modified_time\" content=\"2026-03-13T08:51:59+00:00\" \/>\n<meta property=\"og:image\" content=\"https:\/\/soenderjydsk-kaal.webserver6.dk\/wp-content\/uploads\/2026\/01\/csm_konserveret-kogt-hakket-hvidkaal-700g_332bf68fbd.jpg\" \/>\n<meta name=\"twitter:card\" content=\"summary_large_image\" \/>\n<script type=\"application\/ld+json\" class=\"yoast-schema-graph\">{\"@context\":\"https:\/\/schema.org\",\"@graph\":[{\"@type\":\"WebPage\",\"@id\":\"https:\/\/soenderjydsk-kaal.dk\/de\/produkte\/kuehlwaren-einzelhandel\/\",\"url\":\"https:\/\/soenderjydsk-kaal.dk\/de\/produkte\/kuehlwaren-einzelhandel\/\",\"name\":\"Einzelhandel \u2013 K\u00fchlwaren, Qualit\u00e4tsware aus S\u00f8nderjydsk K\u00e5l\",\"isPartOf\":{\"@id\":\"https:\/\/soenderjydsk-kaal.dk\/de\/#website\"},\"primaryImageOfPage\":{\"@id\":\"https:\/\/soenderjydsk-kaal.dk\/de\/produkte\/kuehlwaren-einzelhandel\/#primaryimage\"},\"image\":{\"@id\":\"https:\/\/soenderjydsk-kaal.dk\/de\/produkte\/kuehlwaren-einzelhandel\/#primaryimage\"},\"thumbnailUrl\":\"https:\/\/soenderjydsk-kaal.webserver6.dk\/wp-content\/uploads\/2026\/01\/csm_konserveret-kogt-hakket-hvidkaal-700g_332bf68fbd.jpg\",\"datePublished\":\"2026-01-23T11:19:11+00:00\",\"dateModified\":\"2026-03-13T08:51:59+00:00\",\"description\":\"Einzelhandel \u2013 K\u00fchlwaren, Qualit\u00e4tsware aus S\u00f8nderjydsk K\u00e5l\",\"breadcrumb\":{\"@id\":\"https:\/\/soenderjydsk-kaal.dk\/de\/produkte\/kuehlwaren-einzelhandel\/#breadcrumb\"},\"inLanguage\":\"de\",\"potentialAction\":[{\"@type\":\"ReadAction\",\"target\":[\"https:\/\/soenderjydsk-kaal.dk\/de\/produkte\/kuehlwaren-einzelhandel\/\"]}]},{\"@type\":\"ImageObject\",\"inLanguage\":\"de\",\"@id\":\"https:\/\/soenderjydsk-kaal.dk\/de\/produkte\/kuehlwaren-einzelhandel\/#primaryimage\",\"url\":\"https:\/\/soenderjydsk-kaal.webserver6.dk\/wp-content\/uploads\/2026\/01\/csm_konserveret-kogt-hakket-hvidkaal-700g_332bf68fbd.jpg\",\"contentUrl\":\"https:\/\/soenderjydsk-kaal.webserver6.dk\/wp-content\/uploads\/2026\/01\/csm_konserveret-kogt-hakket-hvidkaal-700g_332bf68fbd.jpg\"},{\"@type\":\"BreadcrumbList\",\"@id\":\"https:\/\/soenderjydsk-kaal.dk\/de\/produkte\/kuehlwaren-einzelhandel\/#breadcrumb\",\"itemListElement\":[{\"@type\":\"ListItem\",\"position\":1,\"name\":\"Forside\",\"item\":\"https:\/\/soenderjydsk-kaal.webserver6.dk\/de\/startseite\/\"},{\"@type\":\"ListItem\",\"position\":2,\"name\":\"Produkte\",\"item\":\"https:\/\/soenderjydsk-kaal.webserver6.dk\/de\/produkte\/\"},{\"@type\":\"ListItem\",\"position\":3,\"name\":\"K\u00fchlwaren &#8211; Einzelhandel\"}]},{\"@type\":\"WebSite\",\"@id\":\"https:\/\/soenderjydsk-kaal.dk\/de\/#website\",\"url\":\"https:\/\/soenderjydsk-kaal.dk\/de\/\",\"name\":\"S\u00f8nderjydsk K\u00e5l ApS\",\"description\":\"Firmaet med stolte s\u00f8nderjydske traditioner\",\"publisher\":{\"@id\":\"https:\/\/soenderjydsk-kaal.dk\/de\/#organization\"},\"potentialAction\":[{\"@type\":\"SearchAction\",\"target\":{\"@type\":\"EntryPoint\",\"urlTemplate\":\"https:\/\/soenderjydsk-kaal.dk\/de\/?s={search_term_string}\"},\"query-input\":{\"@type\":\"PropertyValueSpecification\",\"valueRequired\":true,\"valueName\":\"search_term_string\"}}],\"inLanguage\":\"de\"},{\"@type\":\"Organization\",\"@id\":\"https:\/\/soenderjydsk-kaal.dk\/de\/#organization\",\"name\":\"S\u00f8nderjydsk K\u00e5l ApS\",\"url\":\"https:\/\/soenderjydsk-kaal.dk\/de\/\",\"logo\":{\"@type\":\"ImageObject\",\"inLanguage\":\"de\",\"@id\":\"https:\/\/soenderjydsk-kaal.dk\/de\/#\/schema\/logo\/image\/\",\"url\":\"https:\/\/soenderjydsk-kaal.dk\/wp-content\/uploads\/2026\/01\/logo.png\",\"contentUrl\":\"https:\/\/soenderjydsk-kaal.dk\/wp-content\/uploads\/2026\/01\/logo.png\",\"width\":179,\"height\":72,\"caption\":\"S\u00f8nderjydsk K\u00e5l ApS\"},\"image\":{\"@id\":\"https:\/\/soenderjydsk-kaal.dk\/de\/#\/schema\/logo\/image\/\"}}]}<\/script>\n<!-- \/ Yoast SEO plugin. -->","yoast_head_json":{"title":"Einzelhandel \u2013 K\u00fchlwaren, Qualit\u00e4tsware aus S\u00f8nderjydsk K\u00e5l","description":"Einzelhandel \u2013 K\u00fchlwaren, Qualit\u00e4tsware aus S\u00f8nderjydsk K\u00e5l","robots":{"index":"index","follow":"follow","max-snippet":"max-snippet:-1","max-image-preview":"max-image-preview:large","max-video-preview":"max-video-preview:-1"},"canonical":"https:\/\/soenderjydsk-kaal.dk\/de\/produkte\/kuehlwaren-einzelhandel\/","og_locale":"de_DE","og_type":"article","og_title":"Einzelhandel \u2013 K\u00fchlwaren, Qualit\u00e4tsware aus S\u00f8nderjydsk K\u00e5l","og_description":"Einzelhandel \u2013 K\u00fchlwaren, Qualit\u00e4tsware aus S\u00f8nderjydsk K\u00e5l","og_url":"https:\/\/soenderjydsk-kaal.dk\/de\/produkte\/kuehlwaren-einzelhandel\/","og_site_name":"S\u00f8nderjydsk K\u00e5l ApS","article_modified_time":"2026-03-13T08:51:59+00:00","og_image":[{"url":"https:\/\/soenderjydsk-kaal.webserver6.dk\/wp-content\/uploads\/2026\/01\/csm_konserveret-kogt-hakket-hvidkaal-700g_332bf68fbd.jpg","type":"","width":"","height":""}],"twitter_card":"summary_large_image","schema":{"@context":"https:\/\/schema.org","@graph":[{"@type":"WebPage","@id":"https:\/\/soenderjydsk-kaal.dk\/de\/produkte\/kuehlwaren-einzelhandel\/","url":"https:\/\/soenderjydsk-kaal.dk\/de\/produkte\/kuehlwaren-einzelhandel\/","name":"Einzelhandel \u2013 K\u00fchlwaren, Qualit\u00e4tsware aus S\u00f8nderjydsk K\u00e5l","isPartOf":{"@id":"https:\/\/soenderjydsk-kaal.dk\/de\/#website"},"primaryImageOfPage":{"@id":"https:\/\/soenderjydsk-kaal.dk\/de\/produkte\/kuehlwaren-einzelhandel\/#primaryimage"},"image":{"@id":"https:\/\/soenderjydsk-kaal.dk\/de\/produkte\/kuehlwaren-einzelhandel\/#primaryimage"},"thumbnailUrl":"https:\/\/soenderjydsk-kaal.webserver6.dk\/wp-content\/uploads\/2026\/01\/csm_konserveret-kogt-hakket-hvidkaal-700g_332bf68fbd.jpg","datePublished":"2026-01-23T11:19:11+00:00","dateModified":"2026-03-13T08:51:59+00:00","description":"Einzelhandel \u2013 K\u00fchlwaren, Qualit\u00e4tsware aus S\u00f8nderjydsk K\u00e5l","breadcrumb":{"@id":"https:\/\/soenderjydsk-kaal.dk\/de\/produkte\/kuehlwaren-einzelhandel\/#breadcrumb"},"inLanguage":"de","potentialAction":[{"@type":"ReadAction","target":["https:\/\/soenderjydsk-kaal.dk\/de\/produkte\/kuehlwaren-einzelhandel\/"]}]},{"@type":"ImageObject","inLanguage":"de","@id":"https:\/\/soenderjydsk-kaal.dk\/de\/produkte\/kuehlwaren-einzelhandel\/#primaryimage","url":"https:\/\/soenderjydsk-kaal.webserver6.dk\/wp-content\/uploads\/2026\/01\/csm_konserveret-kogt-hakket-hvidkaal-700g_332bf68fbd.jpg","contentUrl":"https:\/\/soenderjydsk-kaal.webserver6.dk\/wp-content\/uploads\/2026\/01\/csm_konserveret-kogt-hakket-hvidkaal-700g_332bf68fbd.jpg"},{"@type":"BreadcrumbList","@id":"https:\/\/soenderjydsk-kaal.dk\/de\/produkte\/kuehlwaren-einzelhandel\/#breadcrumb","itemListElement":[{"@type":"ListItem","position":1,"name":"Forside","item":"https:\/\/soenderjydsk-kaal.webserver6.dk\/de\/startseite\/"},{"@type":"ListItem","position":2,"name":"Produkte","item":"https:\/\/soenderjydsk-kaal.webserver6.dk\/de\/produkte\/"},{"@type":"ListItem","position":3,"name":"K\u00fchlwaren &#8211; Einzelhandel"}]},{"@type":"WebSite","@id":"https:\/\/soenderjydsk-kaal.dk\/de\/#website","url":"https:\/\/soenderjydsk-kaal.dk\/de\/","name":"S\u00f8nderjydsk K\u00e5l ApS","description":"Firmaet med stolte s\u00f8nderjydske traditioner","publisher":{"@id":"https:\/\/soenderjydsk-kaal.dk\/de\/#organization"},"potentialAction":[{"@type":"SearchAction","target":{"@type":"EntryPoint","urlTemplate":"https:\/\/soenderjydsk-kaal.dk\/de\/?s={search_term_string}"},"query-input":{"@type":"PropertyValueSpecification","valueRequired":true,"valueName":"search_term_string"}}],"inLanguage":"de"},{"@type":"Organization","@id":"https:\/\/soenderjydsk-kaal.dk\/de\/#organization","name":"S\u00f8nderjydsk K\u00e5l ApS","url":"https:\/\/soenderjydsk-kaal.dk\/de\/","logo":{"@type":"ImageObject","inLanguage":"de","@id":"https:\/\/soenderjydsk-kaal.dk\/de\/#\/schema\/logo\/image\/","url":"https:\/\/soenderjydsk-kaal.dk\/wp-content\/uploads\/2026\/01\/logo.png","contentUrl":"https:\/\/soenderjydsk-kaal.dk\/wp-content\/uploads\/2026\/01\/logo.png","width":179,"height":72,"caption":"S\u00f8nderjydsk K\u00e5l ApS"},"image":{"@id":"https:\/\/soenderjydsk-kaal.dk\/de\/#\/schema\/logo\/image\/"}}]}},"_links":{"self":[{"href":"https:\/\/soenderjydsk-kaal.dk\/de\/wp-json\/wp\/v2\/pages\/11037","targetHints":{"allow":["GET"]}}],"collection":[{"href":"https:\/\/soenderjydsk-kaal.dk\/de\/wp-json\/wp\/v2\/pages"}],"about":[{"href":"https:\/\/soenderjydsk-kaal.dk\/de\/wp-json\/wp\/v2\/types\/page"}],"author":[{"embeddable":true,"href":"https:\/\/soenderjydsk-kaal.dk\/de\/wp-json\/wp\/v2\/users\/1"}],"replies":[{"embeddable":true,"href":"https:\/\/soenderjydsk-kaal.dk\/de\/wp-json\/wp\/v2\/comments?post=11037"}],"version-history":[{"count":7,"href":"https:\/\/soenderjydsk-kaal.dk\/de\/wp-json\/wp\/v2\/pages\/11037\/revisions"}],"predecessor-version":[{"id":11193,"href":"https:\/\/soenderjydsk-kaal.dk\/de\/wp-json\/wp\/v2\/pages\/11037\/revisions\/11193"}],"up":[{"embeddable":true,"href":"https:\/\/soenderjydsk-kaal.dk\/de\/wp-json\/wp\/v2\/pages\/11023"}],"wp:attachment":[{"href":"https:\/\/soenderjydsk-kaal.dk\/de\/wp-json\/wp\/v2\/media?parent=11037"}],"wp:term":[{"taxonomy":"category","embeddable":true,"href":"https:\/\/soenderjydsk-kaal.dk\/de\/wp-json\/wp\/v2\/categories?post=11037"}],"curies":[{"name":"wp","href":"https:\/\/api.w.org\/{rel}","templated":true}]}}