{"id":11167,"date":"2026-01-23T12:20:01","date_gmt":"2026-01-23T11:20:01","guid":{"rendered":"https:\/\/soenderjydsk-kaal.webserver6.dk\/newsletter\/"},"modified":"2026-03-13T09:51:33","modified_gmt":"2026-03-13T08:51:33","slug":"newsletter","status":"publish","type":"page","link":"https:\/\/soenderjydsk-kaal.dk\/de\/newsletter\/","title":{"rendered":"Newsletter"},"content":{"rendered":"\t\t<div data-elementor-type=\"wp-page\" data-elementor-id=\"11167\" class=\"elementor elementor-11167 elementor-10155\" data-elementor-post-type=\"page\">\n\t\t\t\t<div class=\"elementor-element elementor-element-0c8d4dd white e-flex e-con-boxed e-con e-parent\" data-id=\"0c8d4dd\" data-element_type=\"container\" data-settings=\"{&quot;background_background&quot;:&quot;classic&quot;}\">\n\t\t\t\t\t<div class=\"e-con-inner\">\n\t\t\t\t<div class=\"elementor-element elementor-element-5904771 elementor-widget elementor-widget-heading\" data-id=\"5904771\" data-element_type=\"widget\" data-widget_type=\"heading.default\">\n\t\t\t\t<div class=\"elementor-widget-container\">\n\t\t\t\t\t<h1 class=\"elementor-heading-title elementor-size-default\">Newsletter abonnieren<\/h1>\t\t\t\t<\/div>\n\t\t\t\t<\/div>\n\t\t\t\t\t<\/div>\n\t\t\t\t<\/div>\n\t\t<div class=\"elementor-element elementor-element-ed21621 e-flex e-con-boxed e-con e-parent\" data-id=\"ed21621\" data-element_type=\"container\">\n\t\t\t\t\t<div class=\"e-con-inner\">\n\t\t<div class=\"elementor-element elementor-element-b0fb6a2 e-con-full e-flex e-con e-child\" data-id=\"b0fb6a2\" data-element_type=\"container\">\n\t\t\t\t<div class=\"elementor-element elementor-element-247cc07 elementor-widget elementor-widget-text-editor\" data-id=\"247cc07\" data-element_type=\"widget\" data-widget_type=\"text-editor.default\">\n\t\t\t\t<div class=\"elementor-widget-container\">\n\t\t\t\t\t\t\t\t\t<h2>Newsletter abonnieren<\/h2><p>M\u00f6chten Sie einen Link erhalten, \u00fcber den Sie unser wundersch\u00f6nes und reich bebildertes Rezeptheft herunterladen k\u00f6nnen? Registrieren Sie sich also hier und laden Sie die Brosch\u00fcre noch heute online herunter!<\/p><p>Im Zuge unserer Bem\u00fchungen um ein st\u00e4rkeres Klimabewusstsein versenden wir die Brosch\u00fcren nicht mehr in Papierform. Melden Sie sich also jetzt an, sichern Sie sich die Zutaten und entdecken Sie noch heute die vielen k\u00f6stlichen Kohlgerichte.<\/p>\t\t\t\t\t\t\t\t<\/div>\n\t\t\t\t<\/div>\n\t\t\t\t<\/div>\n\t\t\t\t\t<\/div>\n\t\t\t\t<\/div>\n\t\t\t\t<\/div>\n\t\t","protected":false},"excerpt":{"rendered":"<p>Newsletter abonnieren Newsletter abonnieren M\u00f6chten Sie einen Link erhalten, \u00fcber den Sie unser wundersch\u00f6nes und reich bebildertes Rezeptheft herunterladen k\u00f6nnen? Registrieren Sie sich also hier und laden Sie die Brosch\u00fcre noch heute online herunter! Im Zuge unserer Bem\u00fchungen um ein st\u00e4rkeres Klimabewusstsein versenden wir die Brosch\u00fcren nicht mehr in Papierform. Melden Sie sich also jetzt &#8230; <a title=\"Newsletter\" class=\"read-more\" href=\"https:\/\/soenderjydsk-kaal.dk\/de\/newsletter\/\" aria-label=\"Mehr Informationen \u00fcber Newsletter\">Weiterlesen &#8230;<\/a><\/p>\n","protected":false},"author":1,"featured_media":0,"parent":0,"menu_order":0,"comment_status":"closed","ping_status":"closed","template":"","meta":{"_acf_changed":false,"footnotes":""},"categories":[],"class_list":["post-11167","page","type-page","status-publish"],"acf":[],"yoast_head":"<!-- This site is optimized with the Yoast SEO plugin v27.5 - https:\/\/yoast.com\/product\/yoast-seo-wordpress\/ -->\n<title>Newsletter<\/title>\n<meta name=\"robots\" content=\"index, follow, max-snippet:-1, max-image-preview:large, max-video-preview:-1\" \/>\n<link rel=\"canonical\" href=\"https:\/\/soenderjydsk-kaal.dk\/de\/newsletter\/\" \/>\n<meta property=\"og:locale\" content=\"de_DE\" \/>\n<meta property=\"og:type\" content=\"article\" \/>\n<meta property=\"og:title\" content=\"Newsletter\" \/>\n<meta property=\"og:description\" content=\"Newsletter abonnieren Newsletter abonnieren M\u00f6chten Sie einen Link erhalten, \u00fcber den Sie unser wundersch\u00f6nes und reich bebildertes Rezeptheft herunterladen k\u00f6nnen? Registrieren Sie sich also hier und laden Sie die Brosch\u00fcre noch heute online herunter! Im Zuge unserer Bem\u00fchungen um ein st\u00e4rkeres Klimabewusstsein versenden wir die Brosch\u00fcren nicht mehr in Papierform. Melden Sie sich also jetzt ... Weiterlesen ...\" \/>\n<meta property=\"og:url\" content=\"https:\/\/soenderjydsk-kaal.dk\/de\/newsletter\/\" \/>\n<meta property=\"og:site_name\" content=\"S\u00f8nderjydsk K\u00e5l ApS\" \/>\n<meta property=\"article:modified_time\" content=\"2026-03-13T08:51:33+00:00\" \/>\n<meta name=\"twitter:card\" content=\"summary_large_image\" \/>\n<script type=\"application\/ld+json\" class=\"yoast-schema-graph\">{\"@context\":\"https:\\\/\\\/schema.org\",\"@graph\":[{\"@type\":\"WebPage\",\"@id\":\"https:\\\/\\\/soenderjydsk-kaal.dk\\\/de\\\/newsletter\\\/\",\"url\":\"https:\\\/\\\/soenderjydsk-kaal.dk\\\/de\\\/newsletter\\\/\",\"name\":\"Newsletter\",\"isPartOf\":{\"@id\":\"https:\\\/\\\/soenderjydsk-kaal.dk\\\/de\\\/#website\"},\"datePublished\":\"2026-01-23T11:20:01+00:00\",\"dateModified\":\"2026-03-13T08:51:33+00:00\",\"breadcrumb\":{\"@id\":\"https:\\\/\\\/soenderjydsk-kaal.dk\\\/de\\\/newsletter\\\/#breadcrumb\"},\"inLanguage\":\"de\",\"potentialAction\":[{\"@type\":\"ReadAction\",\"target\":[\"https:\\\/\\\/soenderjydsk-kaal.dk\\\/de\\\/newsletter\\\/\"]}]},{\"@type\":\"BreadcrumbList\",\"@id\":\"https:\\\/\\\/soenderjydsk-kaal.dk\\\/de\\\/newsletter\\\/#breadcrumb\",\"itemListElement\":[{\"@type\":\"ListItem\",\"position\":1,\"name\":\"Forside\",\"item\":\"https:\\\/\\\/soenderjydsk-kaal.webserver6.dk\\\/de\\\/startseite\\\/\"},{\"@type\":\"ListItem\",\"position\":2,\"name\":\"Newsletter\"}]},{\"@type\":\"WebSite\",\"@id\":\"https:\\\/\\\/soenderjydsk-kaal.dk\\\/de\\\/#website\",\"url\":\"https:\\\/\\\/soenderjydsk-kaal.dk\\\/de\\\/\",\"name\":\"S\u00f8nderjydsk K\u00e5l ApS\",\"description\":\"Firmaet med stolte s\u00f8nderjydske traditioner\",\"publisher\":{\"@id\":\"https:\\\/\\\/soenderjydsk-kaal.dk\\\/de\\\/#organization\"},\"potentialAction\":[{\"@type\":\"SearchAction\",\"target\":{\"@type\":\"EntryPoint\",\"urlTemplate\":\"https:\\\/\\\/soenderjydsk-kaal.dk\\\/de\\\/?s={search_term_string}\"},\"query-input\":{\"@type\":\"PropertyValueSpecification\",\"valueRequired\":true,\"valueName\":\"search_term_string\"}}],\"inLanguage\":\"de\"},{\"@type\":\"Organization\",\"@id\":\"https:\\\/\\\/soenderjydsk-kaal.dk\\\/de\\\/#organization\",\"name\":\"S\u00f8nderjydsk K\u00e5l ApS\",\"url\":\"https:\\\/\\\/soenderjydsk-kaal.dk\\\/de\\\/\",\"logo\":{\"@type\":\"ImageObject\",\"inLanguage\":\"de\",\"@id\":\"https:\\\/\\\/soenderjydsk-kaal.dk\\\/de\\\/#\\\/schema\\\/logo\\\/image\\\/\",\"url\":\"https:\\\/\\\/soenderjydsk-kaal.dk\\\/wp-content\\\/uploads\\\/2026\\\/01\\\/logo.png\",\"contentUrl\":\"https:\\\/\\\/soenderjydsk-kaal.dk\\\/wp-content\\\/uploads\\\/2026\\\/01\\\/logo.png\",\"width\":179,\"height\":72,\"caption\":\"S\u00f8nderjydsk K\u00e5l ApS\"},\"image\":{\"@id\":\"https:\\\/\\\/soenderjydsk-kaal.dk\\\/de\\\/#\\\/schema\\\/logo\\\/image\\\/\"}}]}<\/script>\n<!-- \/ Yoast SEO plugin. -->","yoast_head_json":{"title":"Newsletter","robots":{"index":"index","follow":"follow","max-snippet":"max-snippet:-1","max-image-preview":"max-image-preview:large","max-video-preview":"max-video-preview:-1"},"canonical":"https:\/\/soenderjydsk-kaal.dk\/de\/newsletter\/","og_locale":"de_DE","og_type":"article","og_title":"Newsletter","og_description":"Newsletter abonnieren Newsletter abonnieren M\u00f6chten Sie einen Link erhalten, \u00fcber den Sie unser wundersch\u00f6nes und reich bebildertes Rezeptheft herunterladen k\u00f6nnen? Registrieren Sie sich also hier und laden Sie die Brosch\u00fcre noch heute online herunter! Im Zuge unserer Bem\u00fchungen um ein st\u00e4rkeres Klimabewusstsein versenden wir die Brosch\u00fcren nicht mehr in Papierform. Melden Sie sich also jetzt ... Weiterlesen ...","og_url":"https:\/\/soenderjydsk-kaal.dk\/de\/newsletter\/","og_site_name":"S\u00f8nderjydsk K\u00e5l ApS","article_modified_time":"2026-03-13T08:51:33+00:00","twitter_card":"summary_large_image","schema":{"@context":"https:\/\/schema.org","@graph":[{"@type":"WebPage","@id":"https:\/\/soenderjydsk-kaal.dk\/de\/newsletter\/","url":"https:\/\/soenderjydsk-kaal.dk\/de\/newsletter\/","name":"Newsletter","isPartOf":{"@id":"https:\/\/soenderjydsk-kaal.dk\/de\/#website"},"datePublished":"2026-01-23T11:20:01+00:00","dateModified":"2026-03-13T08:51:33+00:00","breadcrumb":{"@id":"https:\/\/soenderjydsk-kaal.dk\/de\/newsletter\/#breadcrumb"},"inLanguage":"de","potentialAction":[{"@type":"ReadAction","target":["https:\/\/soenderjydsk-kaal.dk\/de\/newsletter\/"]}]},{"@type":"BreadcrumbList","@id":"https:\/\/soenderjydsk-kaal.dk\/de\/newsletter\/#breadcrumb","itemListElement":[{"@type":"ListItem","position":1,"name":"Forside","item":"https:\/\/soenderjydsk-kaal.webserver6.dk\/de\/startseite\/"},{"@type":"ListItem","position":2,"name":"Newsletter"}]},{"@type":"WebSite","@id":"https:\/\/soenderjydsk-kaal.dk\/de\/#website","url":"https:\/\/soenderjydsk-kaal.dk\/de\/","name":"S\u00f8nderjydsk K\u00e5l ApS","description":"Firmaet med stolte s\u00f8nderjydske traditioner","publisher":{"@id":"https:\/\/soenderjydsk-kaal.dk\/de\/#organization"},"potentialAction":[{"@type":"SearchAction","target":{"@type":"EntryPoint","urlTemplate":"https:\/\/soenderjydsk-kaal.dk\/de\/?s={search_term_string}"},"query-input":{"@type":"PropertyValueSpecification","valueRequired":true,"valueName":"search_term_string"}}],"inLanguage":"de"},{"@type":"Organization","@id":"https:\/\/soenderjydsk-kaal.dk\/de\/#organization","name":"S\u00f8nderjydsk K\u00e5l ApS","url":"https:\/\/soenderjydsk-kaal.dk\/de\/","logo":{"@type":"ImageObject","inLanguage":"de","@id":"https:\/\/soenderjydsk-kaal.dk\/de\/#\/schema\/logo\/image\/","url":"https:\/\/soenderjydsk-kaal.dk\/wp-content\/uploads\/2026\/01\/logo.png","contentUrl":"https:\/\/soenderjydsk-kaal.dk\/wp-content\/uploads\/2026\/01\/logo.png","width":179,"height":72,"caption":"S\u00f8nderjydsk K\u00e5l ApS"},"image":{"@id":"https:\/\/soenderjydsk-kaal.dk\/de\/#\/schema\/logo\/image\/"}}]}},"_links":{"self":[{"href":"https:\/\/soenderjydsk-kaal.dk\/de\/wp-json\/wp\/v2\/pages\/11167","targetHints":{"allow":["GET"]}}],"collection":[{"href":"https:\/\/soenderjydsk-kaal.dk\/de\/wp-json\/wp\/v2\/pages"}],"about":[{"href":"https:\/\/soenderjydsk-kaal.dk\/de\/wp-json\/wp\/v2\/types\/page"}],"author":[{"embeddable":true,"href":"https:\/\/soenderjydsk-kaal.dk\/de\/wp-json\/wp\/v2\/users\/1"}],"replies":[{"embeddable":true,"href":"https:\/\/soenderjydsk-kaal.dk\/de\/wp-json\/wp\/v2\/comments?post=11167"}],"version-history":[{"count":1,"href":"https:\/\/soenderjydsk-kaal.dk\/de\/wp-json\/wp\/v2\/pages\/11167\/revisions"}],"predecessor-version":[{"id":11168,"href":"https:\/\/soenderjydsk-kaal.dk\/de\/wp-json\/wp\/v2\/pages\/11167\/revisions\/11168"}],"wp:attachment":[{"href":"https:\/\/soenderjydsk-kaal.dk\/de\/wp-json\/wp\/v2\/media?parent=11167"}],"wp:term":[{"taxonomy":"category","embeddable":true,"href":"https:\/\/soenderjydsk-kaal.dk\/de\/wp-json\/wp\/v2\/categories?post=11167"}],"curies":[{"name":"wp","href":"https:\/\/api.w.org\/{rel}","templated":true}]}}